{"id":123,"date":"2018-04-16T14:00:14","date_gmt":"2018-04-16T14:00:14","guid":{"rendered":"http:\/\/voluntariat.centre.ubbcluj.ro\/?page_id=123"},"modified":"2023-02-07T07:57:53","modified_gmt":"2023-02-07T07:57:53","slug":"vreau-sa-fiu-voluntar","status":"publish","type":"page","link":"https:\/\/voluntariat.centre.ubbcluj.ro\/index.php\/vreau-sa-fiu-voluntar\/","title":{"rendered":"Vreau s\u0103 fiu voluntar"},"content":{"rendered":"<p><span style=\"font-family: Georgia, Palatino; font-size: 14pt;\">Ce am de f\u0103cut\/Pa\u0219ii care trebuie urma\u021bi:<\/span><\/p>\n<ul>\n<li><span style=\"font-family: Georgia, Palatino; font-size: 14pt;\">Contacteaz\u0103 un angajat UBB care ar putea s\u0103 \u00ee\u021bi coordoneze activitatea;<\/span><\/li>\n<li><span style=\"font-family: Georgia, Palatino; font-size: 14pt;\">Acesta \u00ee\u021bi va da toate informa\u021biile de care ai nevoie.<\/span><\/li>\n<li><span style=\"font-family: Georgia, Palatino; font-size: 14pt;\">Ve\u021bi stabili \u00eempreun\u0103 at\u00e2t detaliile activit\u0103\u021bilor, c\u00e2t \u0219i programul de lucru, precum \u0219i detaliile administrative (documente necesare, contract de voluntariat etc.)<\/span><\/li>\n<\/ul>\n<p><span style=\"font-family: Georgia, Palatino; font-size: 14pt;\">Dac\u0103 vrei s\u0103 faci voluntariat pentru o perioad\u0103 scurt\u0103 de timp, de ex. s\u0103 te implici \u00een organizarea unor evenimente din cadrul UBB, scrie-ne pe adresa <em><strong>voluntariat@ubbcluj.ro<\/strong><\/em> \u0219i noi te vom pune la curent cu oportunit\u0103\u021bile prezente.\u00a0<\/span><\/p>\n<p><span style=\"font-family: Georgia, Palatino; font-size: 14pt;\">Totodat\u0103, urm\u0103re\u0219te-ne pe paginile de socializare unde lans\u0103m apeluri la voluntariat, internship-uri sau diferite oportunit\u0103\u021bi de dezvoltare \u00een cadrul UBB.<\/span><\/p>\n<p>Facebook: <a href=\"https:\/\/www.facebook.com\/VoluntarUBB\">Voluntar la UBB | Cluj-Napoca | Facebook<\/a><\/p>\n<p>Instagram: <a href=\"https:\/\/www.instagram.com\/voluntariat_ubb\/\">Voluntar la UBB (@voluntariat_ubb) \u2022 Instagram photos and videos<\/a><\/p>\n<p>\u00cen cur\u00e2nd \u0219i pe LinkedIn! \u23f3<\/p>\n","protected":false},"excerpt":{"rendered":"<p>Ce am de f\u0103cut\/Pa\u0219ii care trebuie urma\u021bi: Contacteaz\u0103 un angajat UBB care ar putea s\u0103 \u00ee\u021bi coordoneze activitatea; Acesta \u00ee\u021bi va da toate informa\u021biile de care ai nevoie. Ve\u021bi stabili&#8230; <\/p>\n","protected":false},"author":1,"featured_media":0,"parent":0,"menu_order":0,"comment_status":"closed","ping_status":"closed","template":"","meta":[],"_links":{"self":[{"href":"https:\/\/voluntariat.centre.ubbcluj.ro\/index.php\/wp-json\/wp\/v2\/pages\/123"}],"collection":[{"href":"https:\/\/voluntariat.centre.ubbcluj.ro\/index.php\/wp-json\/wp\/v2\/pages"}],"about":[{"href":"https:\/\/voluntariat.centre.ubbcluj.ro\/index.php\/wp-json\/wp\/v2\/types\/page"}],"author":[{"embeddable":true,"href":"https:\/\/voluntariat.centre.ubbcluj.ro\/index.php\/wp-json\/wp\/v2\/users\/1"}],"replies":[{"embeddable":true,"href":"https:\/\/voluntariat.centre.ubbcluj.ro\/index.php\/wp-json\/wp\/v2\/comments?post=123"}],"version-history":[{"count":4,"href":"https:\/\/voluntariat.centre.ubbcluj.ro\/index.php\/wp-json\/wp\/v2\/pages\/123\/revisions"}],"predecessor-version":[{"id":335,"href":"https:\/\/voluntariat.centre.ubbcluj.ro\/index.php\/wp-json\/wp\/v2\/pages\/123\/revisions\/335"}],"wp:attachment":[{"href":"https:\/\/voluntariat.centre.ubbcluj.ro\/index.php\/wp-json\/wp\/v2\/media?parent=123"}],"curies":[{"name":"wp","href":"https:\/\/api.w.org\/{rel}","templated":true}]}}