{"id":17,"date":"2016-10-26T12:57:09","date_gmt":"2016-10-26T12:57:09","guid":{"rendered":"http:\/\/voluntariat.centre.ubbcluj.ro\/?page_id=17"},"modified":"2021-09-20T08:41:11","modified_gmt":"2021-09-20T08:41:11","slug":"regulament","status":"publish","type":"page","link":"https:\/\/voluntariat.centre.ubbcluj.ro\/index.php\/regulament\/","title":{"rendered":"Regulament"},"content":{"rendered":"<p style=\"text-align: center;\"><span style=\"font-size: 14pt; font-family: 'Book Antiqua', Palatino;\"><strong>Regulament al programului de voluntariat &#8220;Voluntar la UBB&#8221;<\/strong><\/span><br \/>\n<span style=\"font-size: 14pt; font-family: 'Book Antiqua', Palatino;\"><strong>&#8211; Aprobat prin HS nr. 24 512\/29.09.2015 &#8211; Completat \u015fi republicat prin HS nr. 76\/14.06.2021-<\/strong><\/span><\/p>\n<p><span style=\"font-size: 14pt; font-family: 'Book Antiqua', Palatino;\"><strong>\u00a0<\/strong><\/span><strong>Capitolul I &#8211; Dispozi\u0163ii generale<\/strong><br \/>\nArt. 1<br \/>\nUniversitatea Babe\u015f-Bolyai Cluj-Napoca, denumit\u0103 \u00een continuare \u201eUniversitatea&#8221; sau \u201eUBB&#8221;, \u00een baza autonomiei universitare \u015fi a Legii nr. 78\/2014 privind reglementarea activit\u0103\u0163ii de voluntariat \u00een Rom\u00e2nia, organizeaz\u0103 programul &#8220;Voluntar la UBB&#8221;. \u00een baza acestui program se creeaz\u0103 cadrul de participare a studen\u0163ilor \u015fi tinerilor la activit\u0103\u0163i de voluntariat desf\u0103\u015furate \u00een cadrul Universit\u0103\u0163ii (didactice, de cercetare, administrative \u015fi sociale).<br \/>\nArt. 2<br \/>\nPrezentul regulament este adoptat de c\u0103tre Senatul Universit\u0103\u0163ii Babe\u015f-Bolyai Cluj- Napoca la propunerea Consiliului de Administra\u0163ie \u015fi a biroului pentru Voluntariat.<\/p>\n<p><strong>Capitolul II &#8211; Organizarea voluntariatului<\/strong><br \/>\nArt. 3<br \/>\n(1) Biroul pentru Voluntariat este structura care administreaz\u0103 programul de voluntariat \u201eVoluntar la UBB&#8221; \u00een cadrul Universit\u0103\u0163ii.<br \/>\n(2) Biroul pentru Voluntariat promoveaz\u0103 \u015fi gestioneaz\u0103 programul \u201eVoluntar la UBB&#8221; \u015fi site-ul www.voluntariat.centre.ubbclui.ro.<br \/>\nArt. 4<br \/>\n(1) Fiecare program de voluntariat va fi condus de un Coordonator de Voluntari, denumit in continuare Coordonator.<br \/>\n(2)\u00a0 Coordonatorul este o persoan\u0103 care are contract de munc\u0103 \u00een cadrul UBB.<br \/>\n(3)\u00a0 Coordonatorul va colabora cu Biroul pentru Voluntariat pe toat\u0103 perioada desf\u0103\u015fur\u0103rii programului de voluntariat din acea structur\u0103.<br \/>\nArt. 5<br \/>\n(1) Voluntariatul se desf\u0103\u015foar\u0103 pe baza unui contract \u00eencheiat \u00een form\u0103 scris\u0103, \u00een limba rom\u00e2n\u0103, \u00eentre voluntar \u015fi UBB, conform prevederilor legale aflate \u00een vigoare.<br \/>\n(2)\u00a0 Contractul de voluntariat se \u00eencheie \u00een dou\u0103 exemplare, din care unul revine voluntarului, unul pentru Biroul pentru Voluntariat-UBB. Contractul de voluntariat se \u00eenregistreaz\u0103 \u00een Registrul de eviden\u0163\u0103 al Voluntarilor, gestionat de Biroul pentru Voluntariat.<br \/>\n(3)\u00a0 Voluntarul \u00ee\u015fi va desf\u0103\u015fura activitatea conform fi\u015fei de voluntariat \u00eentocmit\u0103 potrivit prevederilor legale. \u00een cazul \u00een care activitatea desf\u0103\u015furat\u0103 o cere, voluntarul va semna \u015fi alte anexe la contractul de voluntariat conform specificului fiec\u0103rei structure.<br \/>\nArt. 6<br \/>\n(1) Programul de voluntariat se poate desf\u0103\u015fura pe tot parcursul anului, \u00een func\u0163ie de nevoile structurilor Universit\u0103\u0163ii.<br \/>\n(2) Perioada minim\u0103 pentru care se desf\u0103\u015foar\u0103 orice activitate de voluntariat este o lun\u0103 de zile.<br \/>\n(3) Timpul de lucru reprezint\u0103 orice perioad\u0103 \u00een care voluntarul presteaz\u0103 activit\u0103\u0163ile de voluntariat, se afl\u0103 la dispozi\u0163ia coordonatorului \u015fi \u00eendepline\u015fte sarcinile \u015fi atribu\u0163iile sale, conform prevederilor contractului de voluntariat, regulamentului programului de voluntariat \u015fi ale legisla\u0163iei \u00een vigoare. Timpul de lucru este cuprins \u00eentre 10 de ore pe lun\u0103 \u015fi 80 de ore pe lun\u0103, conform contractului semnat.<\/p>\n<p><strong>Capitolul III &#8211; Obliga\u0163iile voluntarului<\/strong><br \/>\nArt. 7<br \/>\nActivit\u0103\u0163ile desf\u0103\u015furate \u00een cadrul programului \u201eVoluntar la UBB&#8221; nu \u00eenlocuiesc alte activit\u0103\u0163i didactice sau de alt fel. Voluntarul trebuie s\u0103 \u00ee\u015fi stabileasc\u0103 programul de lucru \u00eempreun\u0103 cu coordonatorul, astfel \u00eenc\u00e2t s\u0103 poat\u0103 s\u0103 \u00ee\u015fi \u00eendeplineasc\u0103 obliga\u0163iile asociate frecvent\u0103rii cursurilor (\u015fcolare sau universitare, dup\u0103 caz) sau orice alte obliga\u0163ii ce-i revin din ter\u0163e activit\u0103\u0163i \u00een care este implicat.<br \/>\nArt. 8<br \/>\nPe perioada contractului de voluntariat, voluntarul va respecta Regulamentul de ordine interioar\u0103 din cadrul structurii \u00een care \u00ee\u015fi desf\u0103\u015foar\u0103 activitatea, precum \u015fi orice alte regulamente \u015fi prevederi aplicabile \u00een cadrul UBB.<br \/>\nArt. 9<br \/>\nResponsabilitatea voluntarului va acoperi \u015fi eventualele daune patrimoniale pe care acesta le cauzeaz\u0103 prin \u00eendeplinirea defectuoas\u0103 sau ne\u00eendeplinirea sarcinilor din contractul de voluntariat.<br \/>\nArt. 10 Voluntarul trebuie s\u0103 respecte programul de lucru stabilit de comun acord cu coordonatorul.<br \/>\nAbsen\u0163a nemotivat\u0103 de la programul de lucru va fi sanc\u0163ionat\u0103 cu avertisment \u00een scris.<br \/>\nLa acumularea a 2 avertismente scrise contractul de voluntariat \u00eenceteaz\u0103 de drept, prin denun\u0163are unilateral\u0103 din partea Universit\u0103\u0163ii Babe\u015f-Bolyai, fapt comunic\u0103 voluntarului, c\u00e2t \u015fi Biroului pentru Voluntariat, prin mail, \u00eentr-o decizie \u00eentocmit\u0103 \u015fi semnat\u0103 de coordonator, scanat\u0103 \u00een format PDF.<\/p>\n<p><strong>Capitolul IV &#8211; Obliga\u0163iile coordonatorului <\/strong><br \/>\nArt. 12<br \/>\nBiroul pentru Voluntariat va facilita elaborarea fi\u015fei de protec\u0163ie a voluntarului care s\u0103 cuprind\u0103 regulile privind Securitatea \u015fi S\u0103n\u0103tatea \u00een Munc\u0103, Medicina Muncii, PSI \u015fi Situa\u0163ii de Urgen\u0163\u0103, protec\u0163ia mediului. \u00eenainte de \u00eenceperea activit\u0103\u0163ii propriu-zise de voluntariat, coordonatorul va \u00eenm\u00e2na fiec\u0103rui voluntar, pe baz\u0103 de semn\u0103tur\u0103, acest document \u015fi va instrui voluntarul \u00een ceea ce prive\u015fte desf\u0103\u015furarea activit\u0103\u0163ilor specifice.<br \/>\nCoordonatorul desemnat este responsabil de instruirea voluntarilor ce urmeaz\u0103 s\u0103 \u00ee\u015fi desf\u0103\u015foare activitatea \u00een cadrul acelei structuri, de integrare a lor \u00een activitatea structurii, precum \u015fi de stabilirea programului acestora.<br \/>\nCoordonatorul are obliga\u0163ia s\u0103 se asigure c\u0103 voluntarul are condi\u0163ii optime pentru desf\u0103\u015furarea activit\u0103\u0163ii.<br \/>\n\u00een situa\u0163ii de indisciplin\u0103, absen\u0163e nemotivate sau comportament inadecvat, Coordonatorul va propune \u00eencetarea contractului de voluntariat conform legii.<\/p>\n<p>Art. 13<br \/>\nCoordonatorul va \u00eentocmi o fi\u015f\u0103 de prezen\u0163\u0103 lunar\u0103 pentru fiecare lun\u0103 \u00een care se desf\u0103\u015foar\u0103 activitatea de voluntariat. Pentru luna curent\u0103 fi\u015fa de prezen\u0163\u0103 lunar\u0103 va fi transmis\u0103 c\u0103tre Biroul pentru Voluntariat, \u00een format electronic.<br \/>\nLa finalul contractului de voluntariat, Coordonatorul va \u00eentocmi un raport privind activit\u0103\u0163ile desf\u0103\u015furate de voluntar precum \u015fi abilit\u0103\u0163ile dezvoltate pe perioada contractual\u0103. Raportul va fi trimis \u00een format electronic c\u0103tre Biroul pentru Voluntariat. Raportul de activitate va con\u0163ine obligatoriu urm\u0103toarele elemente:<\/p>\n<ol>\n<li>activit\u0103\u0163ile de voluntariat prestate;<\/li>\n<li>atribu\u0163iile asumate;<\/li>\n<li>aptitudinile dob\u00e2ndite.<\/li>\n<\/ol>\n<p>Pe baza raportului de la Alin. (2), Biroul pentru Voluntariat elibereaz\u0103, dup\u0103 3 zile\u00a0lucr\u0103toare un certificat de voluntariat, care va cuprinde obligatoriu urm\u0103toarele elemente:<\/p>\n<ol>\n<li>datele de identificare ale Organiza\u0163iei-Gazd\u0103;<\/li>\n<li>num\u0103rul de \u00eenregistrare \u015fi data emiterii certificatului;<\/li>\n<li>num\u0103rul de \u00eenregistrare \u015fi data contractului de voluntariat;<\/li>\n<li>numele, prenumele \u015fi datele de identificare ale voluntarului;<\/li>\n<li>perioada \u015fi num\u0103rul de ore de voluntariat;<\/li>\n<li>numele \u015fi prenumele coordonatorului voluntarilor;<\/li>\n<li>numele \u015fi prenumele reprezentantului legal al Organiza\u0163iei-Gazd\u0103;<\/li>\n<li>men\u0163iunea &#8220;Voluntarul \u015fi organiza\u0163ia emitent\u0103 sunt responsabili pentru veridicitatea datelor \u015fi informa\u0163iilor cuprinse \u00een acest certificat&#8221;.<\/li>\n<\/ol>\n<p>Art. 14<br \/>\nCoordonatorul poart\u0103 r\u0103spunderea corectitudinii datelor raportate lunar c\u0103tre Biroul pentru Voluntariat. Raportarea unor date false va fi supus\u0103 prevederilor Regulamentului intern al UBB precum \u015fi ale legisla\u0163iei \u00een vigoare.<br \/>\n<strong>Capitolul V &#8211; Modul de selec\u0163ie a voluntarilor<\/strong><br \/>\nArt. 15<br \/>\nSelec\u0163ia voluntarilor se va face \u00een raport cu abilit\u0103\u0163ile \u015fi competen\u0163ele fiec\u0103ruia, \u00een func\u0163ie de caracteristicile activit\u0103\u0163ii desf\u0103\u015furate \u00een fiecare structur\u0103, de c\u0103tre coordonator.<br \/>\nArt. 16<br \/>\nUniversitatea \u00ee\u015fi rezerv\u0103 dreptul de a refuza motivat cererea unui candidat de a deveni voluntar, \u00een func\u0163ie de tipul de activitate desf\u0103\u015furat\u0103.<\/p>\n<p><strong>Capitolul VI &#8211; Alte revederi<\/strong><br \/>\nArt 17<br \/>\n(1) Durata de \u00eenrolare \u00een programul &#8220;Voluntar la UBB&#8221; va fi stabilit\u0103 \u00een contractul de voluntariat conform activit\u0103\u0163ii solicitate. Acolo unde este cazul, se pot accepta \u015fi colabor\u0103ri mai scurte, pe intervale de timp sau pe ac\u0163iuni specifice.<br \/>\n(2) \u00cen func\u0163ie de nevoi, contractul de voluntariat poate fi prelungit prin acord scris al p\u0103r\u0163ilor \u015fi cu notificarea Biroului pentru Voluntariat, prin act adi\u0163ional.<br \/>\nArt. 18<br \/>\n(1) \u00centreruperea colabor\u0103rii \u00een programul \u201eVoluntar la UBB&#8221; se poate face cu un preaviz de 15 zile acordat voluntarului sau adus la cuno\u015ftin\u0163a Coordonatorului de c\u0103tre voluntar.<br \/>\n(2) Durata de preaviz nu se aplic\u0103 \u00een cazul \u00eencheierii colabor\u0103rii pe motive disciplinare.<br \/>\nArt. 19<br \/>\n(1)\u00a0 Negocierea sau renegocierea contractului de voluntariat se va face la cererea scris\u0103 a uneia dintre p\u0103r\u0163i, \u00een condi\u0163iile stabilite prin contractul de voluntariat.<br \/>\n(2)\u00a0 La negocierea clauzelor \u015fi la \u00eencheierea contractelor de voluntariat p\u0103r\u0163ile sunt egale \u015fi libere.<br \/>\nArt. 20<br \/>\nNe\u00een\u0163elegerile ivite \u00een executarea sau interpretarea contractului de voluntariat se solu\u0163ioneaz\u0103 pe cale amiabil\u0103 sau prin procedura de mediere, \u00een cazul \u00een care ne\u00een\u0163elegerile persist\u0103, litigiul se va solu\u0163iona de instan\u0163ele judec\u0103tore\u015fti competente din municipiul Cluj-Napoca.<br \/>\n<strong>Capitolul VII &#8211; Dispozi\u0163ii finale <\/strong><br \/>\nArt. 21<br \/>\nPrezentul Regulament, precum \u015fi modific\u0103rile \u015fi complet\u0103rile ulterioare, se adopt\u0103 de c\u0103tre Senatul universit\u0103\u0163ii.<br \/>\nPrezentul Regulament \u015fi anexele sale intr\u0103 \u00een vigoare la data aprob\u0103rii sale prin Hot\u0103r\u00e2rea Senatului Universit\u0103\u0163ii si se aduce la cuno\u015ftin\u0163a membrilor comunit\u0103tii academice prin publicarea pe site-ul Universit\u0103\u0163i. Modific\u0103rile aduse regulamentului au fost aprobat \u00een \u015fedin\u0163a Consiliului de Administra\u0163ie al Universit\u0103\u0163ii Babe\u015f-Bolyai din data de 7 iunie 2021. Modific\u0103rile Regulamentului de Voluntariat a fost votat\u0103 \u00een Senatul UBB \u00een data de 14.06.2021.<\/p>\n","protected":false},"excerpt":{"rendered":"<p>Regulament al programului de voluntariat &#8220;Voluntar la UBB&#8221; &#8211; Aprobat prin HS nr. 24 512\/29.09.2015 &#8211; Completat \u015fi republicat prin HS nr. 76\/14.06.2021- \u00a0Capitolul I &#8211; Dispozi\u0163ii generale Art. 1&#8230; <\/p>\n","protected":false},"author":1,"featured_media":0,"parent":0,"menu_order":0,"comment_status":"closed","ping_status":"closed","template":"","meta":[],"_links":{"self":[{"href":"https:\/\/voluntariat.centre.ubbcluj.ro\/index.php\/wp-json\/wp\/v2\/pages\/17"}],"collection":[{"href":"https:\/\/voluntariat.centre.ubbcluj.ro\/index.php\/wp-json\/wp\/v2\/pages"}],"about":[{"href":"https:\/\/voluntariat.centre.ubbcluj.ro\/index.php\/wp-json\/wp\/v2\/types\/page"}],"author":[{"embeddable":true,"href":"https:\/\/voluntariat.centre.ubbcluj.ro\/index.php\/wp-json\/wp\/v2\/users\/1"}],"replies":[{"embeddable":true,"href":"https:\/\/voluntariat.centre.ubbcluj.ro\/index.php\/wp-json\/wp\/v2\/comments?post=17"}],"version-history":[{"count":18,"href":"https:\/\/voluntariat.centre.ubbcluj.ro\/index.php\/wp-json\/wp\/v2\/pages\/17\/revisions"}],"predecessor-version":[{"id":203,"href":"https:\/\/voluntariat.centre.ubbcluj.ro\/index.php\/wp-json\/wp\/v2\/pages\/17\/revisions\/203"}],"wp:attachment":[{"href":"https:\/\/voluntariat.centre.ubbcluj.ro\/index.php\/wp-json\/wp\/v2\/media?parent=17"}],"curies":[{"name":"wp","href":"https:\/\/api.w.org\/{rel}","templated":true}]}}