{"id":171,"date":"2021-04-26T16:00:22","date_gmt":"2021-04-26T16:00:22","guid":{"rendered":"http:\/\/voluntariat.centre.ubbcluj.ro\/?page_id=171"},"modified":"2021-04-26T16:26:17","modified_gmt":"2021-04-26T16:26:17","slug":"raport-voluntariat-2020","status":"publish","type":"page","link":"https:\/\/voluntariat.centre.ubbcluj.ro\/index.php\/acasa\/raport-voluntariat-2020\/","title":{"rendered":"Raport voluntariat 2020"},"content":{"rendered":"<p><span style=\"color: #000000;\">\u00cen anul 2020, \u00een cadrul programului \u201dVoluntar la UBB\u201d, au fost \u00eencheiate 456 de contracte de voluntariat, acesta fiind cel mai mare num\u0103r de contracte de voluntariat \u00eencheiate \u00eentr-un an, de la \u00eenceputul implement\u0103rii Legii voluntariatului (nr 78\/2014), \u0219i a Regulamentului de Voluntariat la UBB (Hot\u0103r\u00e2re Senat 29 septembrie 2015). S-a \u00eenregistrat o cre\u0219tere cu 14% a num\u0103rului de voluntari implica\u021bi \u00een activit\u0103\u021bi desf\u0103\u0219urate la UBB. Tot \u00een decursul anului au fost eliberate 268 certificate de voluntrariat. Majoritatea voluntarilor UBB, conform rapoartelor \u00eenaintate de c\u0103tre coodonatorii de voluntari, au ob\u021binut pentru activitatea realizat\u0103 de-a lungul perioadei contractuale calificativul foarte bine sau excelent. Dac\u0103 \u00een prima parte a anului 2020, poate ca o cauza a debutului pandemiei de Covid-19, au fost \u00eencheiat un num\u0103r mic de contracte de voluntariat, \u00een a doua parte a anului, o dat\u0103 cu \u00eenceputului noului an universitar 2020-2021 \u0219i cu demararea Programului Student to Student Team_UBB, \u00een cadrul Centrului de Carier\u0103, Orientare Profesioanl\u0103 \u0219i Alumni, Centrului de Consiliere \u201dStudent Expert\u201d\u00a0 \u0219i a altor proiecte desf\u0103\u0219uate la Biroul pentru Studen\u021bii cu Dizabilit\u0103\u021bi, Muzeului de Zoologie (\u0219i a altor structuri) au fost\u00a0 \u00eencheiate 369 de contracte.<\/span><\/p>\n<p><span style=\"color: #000000;\">Pentru mare parte din voluntari, aceste activit\u0103\u021bi au \u00eensemnat, de fapt, dezvoltarea unor aptitudini \u0219i calit\u0103\u021bi precum: corectitudine, receptivitate, orientare c\u0103tre nou, flexibilitate, creativitate, aptitudini analitice, aplicate \u0219i de comunicare, echilibru emo\u021bional, constan\u021b\u0103 \u00een atitudini \u0219i manifest\u0103ri, abilit\u0103\u021bi de munc\u0103 \u00een echip\u0103, competen\u021be de comunicare sau cunoa\u0219terea unor domenii conexe, au oferit suport colegilor studen\u021bi din anul I, \u0219i-au dezvoltat abilit\u0103\u021bi \u0219i competen\u021be de munc\u0103 \u00een echip\u0103, seriozitate \u0219i punctualitate, comunicare asertiv\u0103, oferire \u0219i receptare de feedback, gestionarea timpului, implementarea activit\u0103\u021bilor de tip team building \u0219i gestionarea grupelor \u00een mediul online, \u0219i-a \u00eensu\u0219it \u00eendrumarea spre a cre\u0219te angajamentul studen\u021bilor, a coeziunii, a motiva\u021biei, a form\u0103rii \u0219i valoriz\u0103rii identit\u0103\u021bii de student UBB.<\/span><\/p>\n<p><span style=\"font-size: 14pt; color: #000000;\"><strong>Info- Grafic\u00a0 2020<\/strong><\/span><\/p>\n<p><span style=\"color: #000000;\">Total ore de voluntariat la UBB in anul 2020 \u2013 <strong>107.643<\/strong><\/span><br \/>\n<span style=\"color: #000000;\"> Peste 750 de voluntari care au desf\u0103\u0219urat diverse activit\u0103\u021bii la UBB<\/span><br \/>\n<span style=\"color: #000000;\"> Pe parcurul anului au fost eliberate peste 290 de adeverin\u021be de voluntariat<\/span><\/p>\n<p><span style=\"color: #000000;\"><strong>Top centre\/structuri cu activit\u0103\u021bi de voluntarit \u00een cadrul UBB \u00een anul 2020<\/strong><\/span><\/p>\n<p><span style=\"color: #000000;\"><span style=\"font-size: 12pt;\">1.Centrul de Carier\u0103, Orientare Profesional\u0103 \u0219i Alumni \u2013<\/span><strong style=\"font-size: 12pt;\">43.470<\/strong><span style=\"font-size: 12pt;\"> ore de voluntariat<\/span><\/span><br \/>\n<span style=\"color: #000000;\"> <span style=\"font-size: 12pt;\">2.Colegiul Studen\u021besc de Performan\u021b\u0103 Academic\u0103 \u2013 <\/span><strong style=\"font-size: 12pt;\">12.040 <\/strong><span style=\"font-size: 12pt;\">ore de voluntariat<\/span><\/span><br \/>\n<span style=\"color: #000000;\"> <span style=\"font-size: 12pt;\">3.Biroul pentru Studen\u021bii cu Dizabilit\u0103\u021bi \u2013 <\/span><strong style=\"font-size: 12pt;\">10.646 <\/strong><span style=\"font-size: 12pt;\">ore de voluntariat<\/span><\/span><br \/>\n<span style=\"font-size: 12pt; color: #000000;\"> 4.Facultatea de Psihologie \u0219i \u0218tiin\u021be ale Educa\u021biei,<\/span><br \/>\n<span style=\"font-size: 12pt; color: #000000;\"> a. Departamentul de \u0218tiin\u021bele Educa\u021biei \u2013 <strong>10.642 <\/strong>ore de voluntariat<\/span><br \/>\n<span style=\"font-size: 12pt; color: #000000;\"> b. Departamentul de Psihologie Clinic\u0103 \u0219i Psihoterapie, Institutul Interna\u021bional pentru Studii Avansate \u00een Psihoterapie \u0219i S\u0103n\u0103tate Mintal\u0103 <strong>\u2013 4.720 <\/strong>ore de voluntariat<\/span><br \/>\n<span style=\"font-size: 12pt; color: #000000;\"> 5.Institutul de Istorie Ecleziastic\u0103 \u201dNicolae Boc\u0219an\u201d, Facultatea de Istorie \u0219i Filosofie \u2013 <strong>8.149 <\/strong>ore de voluntariat<\/span><br \/>\n<span style=\"font-size: 12pt; color: #000000;\"> 6.Trans.Script \u2013Centrul de Diplomatic\u0103 \u0219i Paleografie Documentar\u0103 Medieval\u0103 Centrul \u2013 <strong>2.685<\/strong> ore de voluntariat<\/span><\/p>\n<p><span style=\"color: #000000;\"><strong>2019<\/strong><\/span><\/p>\n<p><span style=\"color: #000000;\"><strong>Total ore de voluntariat la UBB in anul 2019 \u2013 83.844<\/strong><\/span><br \/>\n<span style=\"color: #000000;\"> Peste 550 de voluntari care au desf\u0103\u0219urat diverse activit\u0103\u021bii la UBB<\/span><br \/>\n<span style=\"color: #000000;\"> Pe parcurul anului au fost eliberate peste 380 de adeverin\u021be de voluntariat<\/span><\/p>\n<p><span style=\"color: #000000;\">Top centre\/structuri cu activit\u0103\u021bi de voluntarit \u00een cadrul UBB \u00een anul 2019<a href=\"#_ftn1\" name=\"_ftnref1\">[1]<\/a><\/span><\/p>\n<p><span style=\"color: #000000;\">1.Rectoratul UBB &amp; Centrul de Dezvoltare Universitar\u0103 \u0219i Management al Calit\u0103\u021bii \u2013 <strong>12.<\/strong><strong>320<\/strong> ore de voluntariat<\/span><br \/>\n<span style=\"color: #000000;\"> 2.Biroul pentru Studen\u021bii cu Dizabilit\u0103\u021bi &#8211;<strong>11.<\/strong><strong>789<\/strong> ore de voluntariat<\/span><br \/>\n<span style=\"color: #000000;\"> 3.Facultatea de Litere<\/span><br \/>\n<span style=\"color: #000000;\"> a. Centrul pentru Industriile Limbii \u2013 <strong>7.<\/strong><strong>520<\/strong> ore de voluntariat<\/span><br \/>\n<span style=\"color: #000000;\"> b. Centrul pentru Transfer Tehnologic \u2013 <strong>3.<\/strong><strong>640<\/strong> ore de voluntariat<\/span><br \/>\n<span style=\"color: #000000;\"> 4. Colegiul Studen\u021besc de Performan\u021b\u0103 Academic\u0103 \u2013 <strong>9.<\/strong><strong>094<\/strong> ore de voluntariat<\/span><br \/>\n<span style=\"color: #000000;\"> 5. Facultatea de Biologie \u0219i Geologie \u2013 Departamenul de Taxonomie \u0219i Ecologie, linia Maghiar\u0103 \u2013 <strong>5.160<\/strong> ore de voluntariat<\/span><br \/>\n<span style=\"color: #000000;\"> 6. Trans.Script \u2013Centrul de Diplomatic\u0103 \u0219i Paleografie Documentar\u0103 Medieval\u0103 Centrul \u2013 <strong>3.694 <\/strong>ore de voluntariat<\/span><\/p>\n<p>&nbsp;<\/p>\n<p><span style=\"color: #000000;\"><a href=\"#_ftnref1\" name=\"_ftn1\">[1]<\/a> Men\u021bion\u0103m c\u0103 am f\u0103cut o selec\u021bie a structurilor UBB care au desf\u0103\u0219urat activit\u0103\u021bi de voluntariat \u0219i anume am selectat structurile care au avut cei mai mul\u021bi voluntari, sau\/\u0219i cele mai multe ore de voluntariat.<\/span><\/p>\n<p>&nbsp;<\/p>\n<p>&nbsp;<\/p>\n","protected":false},"excerpt":{"rendered":"<p>\u00cen anul 2020, \u00een cadrul programului \u201dVoluntar la UBB\u201d, au fost \u00eencheiate 456 de contracte de voluntariat, acesta fiind cel mai mare num\u0103r de contracte de voluntariat \u00eencheiate \u00eentr-un an,&#8230; <\/p>\n","protected":false},"author":1,"featured_media":0,"parent":22,"menu_order":0,"comment_status":"closed","ping_status":"closed","template":"","meta":[],"_links":{"self":[{"href":"https:\/\/voluntariat.centre.ubbcluj.ro\/index.php\/wp-json\/wp\/v2\/pages\/171"}],"collection":[{"href":"https:\/\/voluntariat.centre.ubbcluj.ro\/index.php\/wp-json\/wp\/v2\/pages"}],"about":[{"href":"https:\/\/voluntariat.centre.ubbcluj.ro\/index.php\/wp-json\/wp\/v2\/types\/page"}],"author":[{"embeddable":true,"href":"https:\/\/voluntariat.centre.ubbcluj.ro\/index.php\/wp-json\/wp\/v2\/users\/1"}],"replies":[{"embeddable":true,"href":"https:\/\/voluntariat.centre.ubbcluj.ro\/index.php\/wp-json\/wp\/v2\/comments?post=171"}],"version-history":[{"count":4,"href":"https:\/\/voluntariat.centre.ubbcluj.ro\/index.php\/wp-json\/wp\/v2\/pages\/171\/revisions"}],"predecessor-version":[{"id":178,"href":"https:\/\/voluntariat.centre.ubbcluj.ro\/index.php\/wp-json\/wp\/v2\/pages\/171\/revisions\/178"}],"up":[{"embeddable":true,"href":"https:\/\/voluntariat.centre.ubbcluj.ro\/index.php\/wp-json\/wp\/v2\/pages\/22"}],"wp:attachment":[{"href":"https:\/\/voluntariat.centre.ubbcluj.ro\/index.php\/wp-json\/wp\/v2\/media?parent=171"}],"curies":[{"name":"wp","href":"https:\/\/api.w.org\/{rel}","templated":true}]}}