{"id":204,"date":"2021-10-09T15:56:18","date_gmt":"2021-10-09T15:56:18","guid":{"rendered":"http:\/\/voluntariat.centre.ubbcluj.ro\/?page_id=204"},"modified":"2022-04-11T07:07:17","modified_gmt":"2022-04-11T07:07:17","slug":"raport-voluntariat-2020-2021","status":"publish","type":"page","link":"https:\/\/voluntariat.centre.ubbcluj.ro\/index.php\/acasa\/raport-voluntariat-2020-2021\/","title":{"rendered":"Raport Voluntariat 2020-2021"},"content":{"rendered":"<p style=\"text-align: center;\"><strong>Raport evaluare activitate Biroul pentru Voluntariat<\/strong><\/p>\n<p style=\"text-align: center;\"><strong>perioada septembrie 2020 \u2013 iulie 2021<\/strong><\/p>\n<p>\u00cen perioada septembrie 2020 \u2013 iulie 2021, s-a aprobat \u00eenfiin\u021barea de c\u0103tre Consiliul de Administra\u021bie al UBB \u0219i apoi votat \u0219i aprobat de c\u0103tre Senat Regulamentul de organizare \u0219i func\u021bionare al Unit\u0103\u021bii de Suport \u0219i Dezvoltare pentru Studen\u021bi, din care face parte \u0219i Biroul pentru Voluntariat (<a href=\"https:\/\/senat.ubbcluj.ro\/wp-content\/uploads\/2021\/06\/HS-nr.-75-aprobare-Regulament-de-organizare-\u0219i-func\u021bionare-al-Unit\u0103\u021bii-de-Suport-\u0219i-Dezvoltare-pentru-Studen\u021bi.pdf\">https:\/\/senat.ubbcluj.ro\/wp-content\/uploads\/2021\/06\/HS-nr.-75-aprobare-Regulament-de-organizare-\u0219i-func\u021bionare-al-Unit\u0103\u021bii-de-Suport-\u0219i-Dezvoltare-pentru-Studen\u021bi.pdf<\/a> ).<\/p>\n<p>A fost aprobat\u0103 modificarea programul de voluntariat, care a fost adaptat noilor realit\u0103\u021bi academice \u0219i sociale (<a href=\"https:\/\/senat.ubbcluj.ro\/wp-content\/uploads\/2021\/06\/HS-nr.-76-privind-modificarea-Regulamentului-programului-de-voluntariat-Voluntar-la-UBB.pdf\"><em>https:\/\/senat.ubbcluj.ro\/wp-content\/uploads\/2021\/06\/HS-nr.-76-privind-modificarea-Regulamentului-programului-de-voluntariat-Voluntar-la-UBB.pdf<\/em><\/a> ).<\/p>\n<p>\u00cen anul universitar 2020 &#8211; 2021, au fost \u00eencheiate 514 contracte de voluntariat \u0219i am avut 470 noi voluntari, care s-au implicat activ \u00een activit\u0103\u021bi, dintre care amintim urm\u0103toarele:<\/p>\n<ul>\n<li>de mentorat pentru studen\u021bii de anul I, cum a fost proiectul \u201eStudent to Student Team\u201d, organizat \u0219i desf\u0103\u0219urat de Centrul de Carier\u0103, Orientare Profesional\u0103 \u0219i Alumni;<\/li>\n<li>de transcriere documente de sec. XIX, proiect desf\u0103\u0219urat la Institutul de Istorie Ecleziastic\u0103 \u201eNicolae Boc\u0219an\u201d;<\/li>\n<li>de comunicare \u0219i interac\u021biune optim\u0103 cu persoane cu dizabilit\u0103\u021bi \u0219i de promovare a unor evenimente de con\u0219tientizare a nevoilor persoanelor cu dizabilit\u0103\u021bi \u00een cadrul Biroului pentru Studen\u021bii cu Dizabilit\u0103\u021bi;<\/li>\n<li>de voluntariat la centrele culturale \u0219i de cercetare, cum ar fi Centrul de Studii Africane, Centrul de Cultur\u0103 \u0219i Limb\u0103 Polonez\u0103, Centrul Cultural Japonez, Centrul de Studiere a Popula\u021biei;<\/li>\n<li>de preg\u0103tire \u0219i derulare a unor activit\u0103\u021bi de educa\u021bie ecologic\u0103, organizate de Departamentul de Biologie \u0219i Ecologie al liniei maghiare, de la Facultatea de Biologie \u0219i Geologie;<\/li>\n<\/ul>\n<p>La o analiz\u0103 a perioadei men\u021bionate, au fost raportate 3.243 luni de voluntariat, reprezent\u00e2nd cuantumul activit\u0103\u021bii voluntarilor cu contracte \u00eencheiate \u00een perioada 2020-2021, dar \u0219i al voluntarilor cu contract activ din anii preceden\u021bi. Totodat\u0103, au fost \u00eenregistrate 129.699 ore de voluntariat la nivel de UBB.<\/p>\n<p>\u00cen aceast\u0103 perioad\u0103, 10 structuri din cadrul UBB au g\u0103zduit voluntari sub coordonarea a peste 20 de coordonatori (cadre didactice, cercet\u0103tori, personal didactic auxiliar).<\/p>\n<p>Au fost \u00eencheiate peste 13 contracte cu colaboratori din afara UBB. Contractele colaboratorilor au \u00eensumat 122 de luni de voluntariat \u0219i 6.170 ore de voluntariat.<\/p>\n<p>Biroul pentru Voluntariat a eliberat \u00een acest\u0103 perioad\u0103 594 adeverin\u021be\/certificate de voluntariat. A fost realizat un nou design pentru diplomele care sunt \u00eenm\u00e2nate voluntarilor la finalul perioadei contractuale, \u00eempreun\u0103 cu adeverin\u021bele. S-a actualizat \u00een permanen\u021b\u0103 site-ul \u201evoluntariat.centre.ubbcluj.ro\u201d \u0219i s-a realizat planul, scenariul \u0219i direc\u021biile de desf\u0103\u0219urare al materialului video de promovare al programului \u201eVoluntar la UBB\u201d, urm\u00e2nd ca filmarea, montajul \u0219i promovarea s\u0103 fie realizate la \u00eenceputul anului universitar 2021-2022.<\/p>\n<p>&nbsp;<\/p>\n","protected":false},"excerpt":{"rendered":"<p>Raport evaluare activitate Biroul pentru Voluntariat perioada septembrie 2020 \u2013 iulie 2021 \u00cen perioada septembrie 2020 \u2013 iulie 2021, s-a aprobat \u00eenfiin\u021barea de c\u0103tre Consiliul de Administra\u021bie al UBB \u0219i&#8230; <\/p>\n","protected":false},"author":1,"featured_media":0,"parent":22,"menu_order":2,"comment_status":"closed","ping_status":"closed","template":"","meta":[],"_links":{"self":[{"href":"https:\/\/voluntariat.centre.ubbcluj.ro\/index.php\/wp-json\/wp\/v2\/pages\/204"}],"collection":[{"href":"https:\/\/voluntariat.centre.ubbcluj.ro\/index.php\/wp-json\/wp\/v2\/pages"}],"about":[{"href":"https:\/\/voluntariat.centre.ubbcluj.ro\/index.php\/wp-json\/wp\/v2\/types\/page"}],"author":[{"embeddable":true,"href":"https:\/\/voluntariat.centre.ubbcluj.ro\/index.php\/wp-json\/wp\/v2\/users\/1"}],"replies":[{"embeddable":true,"href":"https:\/\/voluntariat.centre.ubbcluj.ro\/index.php\/wp-json\/wp\/v2\/comments?post=204"}],"version-history":[{"count":4,"href":"https:\/\/voluntariat.centre.ubbcluj.ro\/index.php\/wp-json\/wp\/v2\/pages\/204\/revisions"}],"predecessor-version":[{"id":237,"href":"https:\/\/voluntariat.centre.ubbcluj.ro\/index.php\/wp-json\/wp\/v2\/pages\/204\/revisions\/237"}],"up":[{"embeddable":true,"href":"https:\/\/voluntariat.centre.ubbcluj.ro\/index.php\/wp-json\/wp\/v2\/pages\/22"}],"wp:attachment":[{"href":"https:\/\/voluntariat.centre.ubbcluj.ro\/index.php\/wp-json\/wp\/v2\/media?parent=204"}],"curies":[{"name":"wp","href":"https:\/\/api.w.org\/{rel}","templated":true}]}}