{"id":225,"date":"2022-04-11T06:58:57","date_gmt":"2022-04-11T06:58:57","guid":{"rendered":"http:\/\/voluntariat.centre.ubbcluj.ro\/?page_id=225"},"modified":"2022-09-21T10:52:11","modified_gmt":"2022-09-21T10:52:11","slug":"raport-voluntariat-01-2020-01-2021","status":"publish","type":"page","link":"https:\/\/voluntariat.centre.ubbcluj.ro\/index.php\/acasa\/raport-voluntariat-01-2020-01-2021\/","title":{"rendered":"Raport voluntariat 2021"},"content":{"rendered":"<p style=\"text-align: center;\"><strong>Raport de activitate al Biroului pentru Voluntariat<\/strong><br \/>\n<strong> ianuarie 2021 &#8211; ianuarie 2022<\/strong><\/p>\n<p>\u00cen anul 2021, \u00een cadrul programului \u201eVoluntar la UBB\u201d al Biroului pentru Voluntariat, au fost \u00eencheiate 394 de contracte de voluntariat, cu 13% mai pu\u021bine fa\u021b\u0103 de anul 2020. Principalele cauze ale acestei mic\u0219or\u0103ri consider\u0103m c\u0103 sunt at\u00e2t regimul on-line adoptat de majoritatea facult\u0103\u021bilor din cadrul UBB, care a determinat ca mare parte din studen\u021bi, poten\u021biali voluntari, s\u0103 r\u0103m\u00e2n\u0103 la domiciliu de re\u0219edin\u021b\u0103 \u0219i precum \u0219i procentul mare de contracte \u00eenregistrate din anii anteriori care s-au \u00eencheiat \u00een anul 2021. Cu toate acestea suntem optimi\u0219ti, deoarece la finalul anului 2021, s-a \u00eenceput o campanie de promovare \u00een online \u0219i pe re\u021belele de socializare cu scopul de a atrage un num\u0103r mai mare de studen\u021bi\/elevi\/Alumni \u0219i coordonatori \u00een program, prin diferite post\u0103ri informative \u0219i testimoniale. \u00cen plus, s-a realizat regia a dou\u0103 clipuri de promovare care urmeaz\u0103 s\u0103 fie realizate \u00een anul 2022.<\/p>\n<p>\u00cen ceea ce privesc adeverin\u021bele de voluntariat, o component\u0103 important\u0103 care justific\u0103 implicarea voluntarilor \u0219i care confer\u0103 experien\u021b\u0103 de munc\u0103 \u00een domeniul de activitate, \u00een anul 2021 au fost eliberate un num\u0103r de 618 adeverin\u021be, cel mai mare num\u0103r de la lansarea programului de voluntariat la UBB. Majoritatea voluntarilor UBB, conform rapoartelor \u00eenaintate de c\u0103tre coodonatorii de voluntari, au ob\u021binut pentru activitatea realizat\u0103 de-a lungul perioadei contractuale calificativul \u201efoarte bine\u201d sau \u201eexcelent\u201d.<\/p>\n<p>Printre facult\u0103\u021bile\/structurile UBB care au g\u0103zduit voluntari amintim: Institutul de Istorie Ecleziastic\u0103 \u201eNicolae Boc\u0219an\u201d, Centrul de Carier\u0103, Orientare Profesional\u0103 \u0219i Alumni, Institutul Interna\u021bional pentru Studii Avandate \u00een Psihoterapie \u0219i S\u0103n\u0103tate Mintal\u0103, Biroul pentru Studen\u021bi cu Dizabilit\u0103\u021bi, Muzeul de Zoologie UBB, Consiliul Studen\u021bilor din Universitatea Babe\u0219-Bolyai, Centrul Cultural Japonez, Centrul de studii africane, Gr\u0103dina Botanic\u0103 \u201eAlexandru Borza\u201d, Facultatea de Psihologie \u0219i \u0218tiin\u021be ale Educa\u021biei \u2013 Departamentul de preg\u0103tire didactic\u0103 aplicat\u0103, Facultatea de Istorie \u0219i Filosofie, Facultatea de Biologie \u0219i Geologie.<\/p>\n<p>La finele anului 2021 s-a \u00eenceput procesul de digitalizare a documentelor Biroului pentru Voluntariat, pentru a cre\u0219te promptitudinea \u00een transmiterea acestora c\u0103tre solicitan\u021bi \u0219i dac\u0103 situa\u021bia epidemiologic\u0103 o va impune, s\u0103 permit\u0103 munca de acas\u0103.<\/p>\n<p>Tot \u00een 2021 s-a modificat Regulamentul programului de voluntariat \u201eVoluntar la UBB\u201d, conform Hot\u0103r\u00e2rii de Senat nr. 76\/14.06.2021. Prin modific\u0103rile efectuate s-a dorit simplificarea procesul de al\u0103turare \u00een cadrul programului \u201eVoluntar la UBB\u201d al voluntarilor \u0219i al coordonatorilor prin reducerea num\u0103rului de exemplare ale contractului de voluntariat. Totodat\u0103, modific\u0103rile regulamentului faciliteaz\u0103 implicarea voluntarilor \u00een activit\u0103\u021bi extracurriculare \u00een cadrul Universit\u0103\u021bii prin mic\u0219orarea num\u0103rului minim de ore de voluntariat pe lun\u0103, de la minim 20 de ore la minim 10 ore. Astfel, voluntariat la UBB a devenit alternativ\u0103 mai atractiv\u0103 \u0219i mai \u00eencurajatoare pentru petrecerea timpului liber \u00een timpul studen\u021biei.<\/p>\n<p>\u00cen prezent, Biroul pentru Voluntariat func\u021bioneaz\u0103 conform prevederilor din Regulamentul programului de voluntariat \u201eVoluntar la UBB\u201d cu complet\u0103rile \u0219i modific\u0103rile din 14.06.2021 \u0219i a Legii voluntariatului nr. 78 din 2014.<\/p>\n<p>Pentru mare parte din voluntari, activit\u0103\u021bile de voluntariat din cadrul Universit\u0103\u021bii au \u00eensemnat, de fapt, dezvoltarea unor aptitudini \u0219i calit\u0103\u021bi precum: corectitudine, receptivitate, orientare c\u0103tre nou, flexibilitate, creativitate, aptitudini analitice, aplicate \u0219i de comunicare, echilibru0 emo\u021bional, constan\u021b\u0103 \u00een atitudini \u0219i manifest\u0103ri, abilit\u0103\u021bi de munc\u0103 \u00een echip\u0103, competen\u021be de comunicare sau de cunoa\u0219tere a unor domenii conexe, abilit\u0103\u021bi \u0219i competen\u021be de munc\u0103 \u00een echip\u0103, seriozitate \u0219i punctualitate, de gestionare a timpului \u0219i de implementare a activit\u0103\u021bilor de tip <em>team building<\/em>.<\/p>\n","protected":false},"excerpt":{"rendered":"<p>Raport de activitate al Biroului pentru Voluntariat ianuarie 2021 &#8211; ianuarie 2022 \u00cen anul 2021, \u00een cadrul programului \u201eVoluntar la UBB\u201d al Biroului pentru Voluntariat, au fost \u00eencheiate 394 de&#8230; <\/p>\n","protected":false},"author":6,"featured_media":0,"parent":22,"menu_order":0,"comment_status":"closed","ping_status":"closed","template":"","meta":[],"_links":{"self":[{"href":"https:\/\/voluntariat.centre.ubbcluj.ro\/index.php\/wp-json\/wp\/v2\/pages\/225"}],"collection":[{"href":"https:\/\/voluntariat.centre.ubbcluj.ro\/index.php\/wp-json\/wp\/v2\/pages"}],"about":[{"href":"https:\/\/voluntariat.centre.ubbcluj.ro\/index.php\/wp-json\/wp\/v2\/types\/page"}],"author":[{"embeddable":true,"href":"https:\/\/voluntariat.centre.ubbcluj.ro\/index.php\/wp-json\/wp\/v2\/users\/6"}],"replies":[{"embeddable":true,"href":"https:\/\/voluntariat.centre.ubbcluj.ro\/index.php\/wp-json\/wp\/v2\/comments?post=225"}],"version-history":[{"count":9,"href":"https:\/\/voluntariat.centre.ubbcluj.ro\/index.php\/wp-json\/wp\/v2\/pages\/225\/revisions"}],"predecessor-version":[{"id":303,"href":"https:\/\/voluntariat.centre.ubbcluj.ro\/index.php\/wp-json\/wp\/v2\/pages\/225\/revisions\/303"}],"up":[{"embeddable":true,"href":"https:\/\/voluntariat.centre.ubbcluj.ro\/index.php\/wp-json\/wp\/v2\/pages\/22"}],"wp:attachment":[{"href":"https:\/\/voluntariat.centre.ubbcluj.ro\/index.php\/wp-json\/wp\/v2\/media?parent=225"}],"curies":[{"name":"wp","href":"https:\/\/api.w.org\/{rel}","templated":true}]}}