{"id":243,"date":"2022-05-03T06:44:05","date_gmt":"2022-05-03T06:44:05","guid":{"rendered":"http:\/\/voluntariat.centre.ubbcluj.ro\/?page_id=243"},"modified":"2022-05-03T07:45:24","modified_gmt":"2022-05-03T07:45:24","slug":"oportunitati","status":"publish","type":"page","link":"https:\/\/voluntariat.centre.ubbcluj.ro\/index.php\/oportunitati\/","title":{"rendered":"Oportunit\u0103\u021bi"},"content":{"rendered":"\n<p>Oportunit\u0103\u021bile de voluntariat \u00een cadrul Universit\u0103\u021bii Babe\u0219-Bolyai se vor reg\u0103si \u00een cele 2 submeniuri, \u201eCurente\u201d \u0219i \u201eAnterioare\u201d ale ferestrei \u201eOportunit\u0103\u021bi\u201d.<\/p>\n\n\n\n<p>Dac\u0103 \u00eenc\u0103 nu e\u0219ti convins de beneficiile voluntariatului, mai jos ai c\u00e2teva p\u0103reri ale unor fo\u0219ti voluntari.<\/p>\n\n\n\n<p><\/p>\n\n\n\n<div class=\"wp-block-image\"><figure class=\"aligncenter size-large is-resized\"><img decoding=\"async\" loading=\"lazy\" src=\"http:\/\/voluntariat.centre.ubbcluj.ro\/wp-content\/uploads\/2022\/05\/testimonial-1-1024x858.png\" alt=\"\" class=\"wp-image-273\" width=\"692\" height=\"579\" srcset=\"https:\/\/voluntariat.centre.ubbcluj.ro\/wp-content\/uploads\/2022\/05\/testimonial-1-1024x858.png 1024w, https:\/\/voluntariat.centre.ubbcluj.ro\/wp-content\/uploads\/2022\/05\/testimonial-1-300x251.png 300w, https:\/\/voluntariat.centre.ubbcluj.ro\/wp-content\/uploads\/2022\/05\/testimonial-1-768x644.png 768w, https:\/\/voluntariat.centre.ubbcluj.ro\/wp-content\/uploads\/2022\/05\/testimonial-1-1536x1288.png 1536w, https:\/\/voluntariat.centre.ubbcluj.ro\/wp-content\/uploads\/2022\/05\/testimonial-1-2048x1717.png 2048w\" sizes=\"(max-width: 692px) 100vw, 692px\" \/><\/figure><\/div>\n\n\n\n<div class=\"wp-block-image\"><figure class=\"aligncenter size-large is-resized\"><img decoding=\"async\" loading=\"lazy\" src=\"http:\/\/voluntariat.centre.ubbcluj.ro\/wp-content\/uploads\/2022\/05\/testimonial-2-1-1024x858.png\" alt=\"\" class=\"wp-image-275\" width=\"700\" height=\"585\"\/><\/figure><\/div>\n","protected":false},"excerpt":{"rendered":"<p>Oportunit\u0103\u021bile de voluntariat \u00een cadrul Universit\u0103\u021bii Babe\u0219-Bolyai se vor reg\u0103si \u00een cele 2 submeniuri, \u201eCurente\u201d \u0219i \u201eAnterioare\u201d ale ferestrei \u201eOportunit\u0103\u021bi\u201d. Dac\u0103 \u00eenc\u0103 nu e\u0219ti convins de beneficiile voluntariatului, mai jos&#8230; <\/p>\n","protected":false},"author":6,"featured_media":0,"parent":0,"menu_order":0,"comment_status":"closed","ping_status":"closed","template":"","meta":[],"_links":{"self":[{"href":"https:\/\/voluntariat.centre.ubbcluj.ro\/index.php\/wp-json\/wp\/v2\/pages\/243"}],"collection":[{"href":"https:\/\/voluntariat.centre.ubbcluj.ro\/index.php\/wp-json\/wp\/v2\/pages"}],"about":[{"href":"https:\/\/voluntariat.centre.ubbcluj.ro\/index.php\/wp-json\/wp\/v2\/types\/page"}],"author":[{"embeddable":true,"href":"https:\/\/voluntariat.centre.ubbcluj.ro\/index.php\/wp-json\/wp\/v2\/users\/6"}],"replies":[{"embeddable":true,"href":"https:\/\/voluntariat.centre.ubbcluj.ro\/index.php\/wp-json\/wp\/v2\/comments?post=243"}],"version-history":[{"count":3,"href":"https:\/\/voluntariat.centre.ubbcluj.ro\/index.php\/wp-json\/wp\/v2\/pages\/243\/revisions"}],"predecessor-version":[{"id":276,"href":"https:\/\/voluntariat.centre.ubbcluj.ro\/index.php\/wp-json\/wp\/v2\/pages\/243\/revisions\/276"}],"wp:attachment":[{"href":"https:\/\/voluntariat.centre.ubbcluj.ro\/index.php\/wp-json\/wp\/v2\/media?parent=243"}],"curies":[{"name":"wp","href":"https:\/\/api.w.org\/{rel}","templated":true}]}}