{"id":248,"date":"2022-05-03T06:44:55","date_gmt":"2022-05-03T06:44:55","guid":{"rendered":"http:\/\/voluntariat.centre.ubbcluj.ro\/?page_id=248"},"modified":"2022-09-29T07:05:11","modified_gmt":"2022-09-29T07:05:11","slug":"curente","status":"publish","type":"page","link":"https:\/\/voluntariat.centre.ubbcluj.ro\/index.php\/oportunitati\/curente\/","title":{"rendered":"Curente"},"content":{"rendered":"\n<figure class=\"wp-block-image size-large is-resized\"><img decoding=\"async\" loading=\"lazy\" src=\"http:\/\/voluntariat.centre.ubbcluj.ro\/wp-content\/uploads\/2022\/09\/Apel-la-voluntari-CCI-1024x1024.png\" alt=\"\" class=\"wp-image-307\" width=\"490\" height=\"490\" srcset=\"https:\/\/voluntariat.centre.ubbcluj.ro\/wp-content\/uploads\/2022\/09\/Apel-la-voluntari-CCI-1024x1024.png 1024w, https:\/\/voluntariat.centre.ubbcluj.ro\/wp-content\/uploads\/2022\/09\/Apel-la-voluntari-CCI-300x300.png 300w, https:\/\/voluntariat.centre.ubbcluj.ro\/wp-content\/uploads\/2022\/09\/Apel-la-voluntari-CCI-150x150.png 150w, https:\/\/voluntariat.centre.ubbcluj.ro\/wp-content\/uploads\/2022\/09\/Apel-la-voluntari-CCI-768x768.png 768w, https:\/\/voluntariat.centre.ubbcluj.ro\/wp-content\/uploads\/2022\/09\/Apel-la-voluntari-CCI-1536x1536.png 1536w, https:\/\/voluntariat.centre.ubbcluj.ro\/wp-content\/uploads\/2022\/09\/Apel-la-voluntari-CCI-2048x2048.png 2048w\" sizes=\"(max-width: 490px) 100vw, 490px\" \/><figcaption><br><img decoding=\"async\" loading=\"lazy\" height=\"16\" width=\"16\" src=\"https:\/\/static.xx.fbcdn.net\/images\/emoji.php\/v9\/t51\/1\/16\/1f449.png\" alt=\"?\"> ??????? ?? ???????\u0306?? ????????\u0326?????? ??? are nevoie de ajutorul t\u0103u \u00een perioada ??-?? ?????????, \u00een cadrul Zilelor Clujului.<br><img decoding=\"async\" loading=\"lazy\" height=\"16\" width=\"16\" src=\"https:\/\/static.xx.fbcdn.net\/images\/emoji.php\/v9\/t33\/1\/16\/2705.png\" alt=\"\u2705\"> Voluntarii trebuie s\u0103 ajute la organizarea standurilor Centrelor Culturale UBB (Promenada multiculturalit\u0103\u021bii) \u0219i s\u0103 se implice la mar\u0219ul din Parada Multicultural\u0103.<br><img decoding=\"async\" loading=\"lazy\" height=\"16\" width=\"16\" src=\"https:\/\/static.xx.fbcdn.net\/images\/emoji.php\/v9\/t51\/1\/16\/1f449.png\" alt=\"?\"> ?????? ?\u0302???????? ???????????\u0306 ??????????: <img decoding=\"async\" src=\"data:image\/png;base64,iVBORw0KGgoAAAANSUhEUgAAACAAAAAgCAYAAABzenr0AAAABGdBTUEAALGPC\/xhBQAAA7FJREFUWAnNV1lIlFEU\/u4\/45gLY3symWkZhGNaRBst6kMEFS2QD1FQEBVFEUUPhdBDEdJmD+09FdGTYRAktMCUT4YttvqQlIaZSxEamk4zczvnOv8w0\/z\/LI5WB\/Teueec7zv3nvPf\/\/wCMYrzbZmtt02UeoE1kDIfEA5A0h+LaKN5G4R4ZwHupDmk662zyj2oi\/xfRFYDOa6yTOnGEQmxSULao9mzXkD0CMibwoajzaVV7ZF8TAPIe783eeBjRzk5H6Adp0UCMdUJ0Uu6yuTcScebZpwbMLIzDIB37f0lbhPxQiOnuNeEqLMkyfVGpxEWQO7DjYUer+cukWTFTRTZoTVJw8oPy6teB5uFBKB27kb9CJDrnK0WG+YFn4Smazjn6tiHf+c6BY9ZzMFc+mIgAFVww5VzHd1oJA5\/cSutSoG\/6JqGXO1GRJHW6OmgoszjVKgT4Od8uMmTNZt5CPRYK06y0PiG40vG3Dp+zbrMJXAtPou8tMmmzszJ3Bpfr7HecKZoQYqlYwtxpmA3slImoHr+MdMgmJO5NXW3BwEkMp1ln4arsw8iSbMqmFc9H9DcZ34TM7dGuacXS+IyNWUSrs85jDTrKAX2msh3NJyGRxKNmRA3FSG\/1RKTcTY7bswtx\/jkDAXU0teBLc8r0OftjwIsHBSA\/ko1t102rghnC\/bAqLJTLaNwjXaek5qpAL4OdGPzs+P46u42BwxopGMwWYGF8El2ykScL9yH0UnpmJmeje0Np9Da36UMrcKCK0UHUJQxXf3u9fRj64sKtPw0z3swg6BK5BRQM2EuC8bkw25NVQZOew5qFp0AVzrLKecuFI+frea\/fB7sfHkGXHixihTii5hyv8wFiZJITpwC\/RTYzit9qP\/eiIVjncpNSon9by6g+kttJJhwncAjjduocE3oSu23l1hddwiNP1qUwiK0ADkvVLy\/GT85OxK3xj0cz6PJp5+dWPukHA86n4aYurpe4HJzTBAhfvyDuTVuILmHC9MaLPT73NjWcBK3Pj+i60OqS2YLFd1QhDkHucl76r2yiz5gVzxAGxzFqGmvQ5\/PsNWLCkXVf6llRdVuGikV1L1SPriBjFlutT0eMjlzKU5iUwH4W6TKmNkTN6zU2zIVAONx60yR1SWOHQWBOBSX3+z\/aUo5ID4Wq8W6iqat\/gCHc1BtuX70OnDICeiLf\/PDJFADOjmPHCXlqYRq4li8T0cwjvIlDMb6c+e6neEJ6Eoe+TT+ycdpcBA8H6nP898PW2+tnIPs1AAAAABJRU5ErkJggg==\"><a rel=\"noreferrer noopener\" href=\"https:\/\/l.facebook.com\/l.php?u=https%3A%2F%2Fforms.gle%2FYP8UQpKDzY7uvKCp7%3Ffbclid%3DIwAR1h8941mhIS_j9yW7IqsTRlI30L6PURjyS4V-8CRwHbBR9s_kyDU8jXhY8&amp;h=AT1ahHzP3q6QU75BoXeOXEGjdlh72PFskSgd6vX0LTXtBPl6OxC4CDetvk5m1f7NKwB704Iaavv3sbWiswPtYQGwgxsjdxmwSXXGF0A2oyaR7DXcJ6xAKw_iDl2iDDo9PLkL&amp;__tn__=-UK-R&amp;c[0]=AT2kNkAJdavXuFjeJ6BduScdWCqNhp9dqTjmp34eS8W6B9RL2vP29sDrSmA1AawhCL7Rm124IIV7O-YlQe-W4DNt-Rx7mEpvDOVGpViTKagCkBnE1Yq83ZiCiJCJAx0FRcaE9Gf229Oeg1rQgJMBs51vg6PCLiCpyuyUvE__bPYDbw\" target=\"_blank\">https:\/\/forms.gle\/YP8UQpKDzY7uvKCp7<\/a><br><img decoding=\"async\" loading=\"lazy\" height=\"16\" width=\"16\" src=\"https:\/\/static.xx.fbcdn.net\/images\/emoji.php\/v9\/t50\/1\/16\/2757.png\" alt=\"\u2757\ufe0f\"> ???????? ?\u0302????????: ??.??.????, ??? ??:??.<br><\/figcaption><\/figure>\n","protected":false},"excerpt":{"rendered":"","protected":false},"author":6,"featured_media":0,"parent":243,"menu_order":0,"comment_status":"closed","ping_status":"closed","template":"","meta":[],"_links":{"self":[{"href":"https:\/\/voluntariat.centre.ubbcluj.ro\/index.php\/wp-json\/wp\/v2\/pages\/248"}],"collection":[{"href":"https:\/\/voluntariat.centre.ubbcluj.ro\/index.php\/wp-json\/wp\/v2\/pages"}],"about":[{"href":"https:\/\/voluntariat.centre.ubbcluj.ro\/index.php\/wp-json\/wp\/v2\/types\/page"}],"author":[{"embeddable":true,"href":"https:\/\/voluntariat.centre.ubbcluj.ro\/index.php\/wp-json\/wp\/v2\/users\/6"}],"replies":[{"embeddable":true,"href":"https:\/\/voluntariat.centre.ubbcluj.ro\/index.php\/wp-json\/wp\/v2\/comments?post=248"}],"version-history":[{"count":5,"href":"https:\/\/voluntariat.centre.ubbcluj.ro\/index.php\/wp-json\/wp\/v2\/pages\/248\/revisions"}],"predecessor-version":[{"id":309,"href":"https:\/\/voluntariat.centre.ubbcluj.ro\/index.php\/wp-json\/wp\/v2\/pages\/248\/revisions\/309"}],"up":[{"embeddable":true,"href":"https:\/\/voluntariat.centre.ubbcluj.ro\/index.php\/wp-json\/wp\/v2\/pages\/243"}],"wp:attachment":[{"href":"https:\/\/voluntariat.centre.ubbcluj.ro\/index.php\/wp-json\/wp\/v2\/media?parent=248"}],"curies":[{"name":"wp","href":"https:\/\/api.w.org\/{rel}","templated":true}]}}