{"id":300,"date":"2022-09-21T10:53:40","date_gmt":"2022-09-21T10:53:40","guid":{"rendered":"http:\/\/voluntariat.centre.ubbcluj.ro\/?page_id=300"},"modified":"2022-09-21T10:54:46","modified_gmt":"2022-09-21T10:54:46","slug":"raport-de-activitate-2021-2022","status":"publish","type":"page","link":"https:\/\/voluntariat.centre.ubbcluj.ro\/index.php\/acasa\/raport-de-activitate-2021-2022\/","title":{"rendered":"Raport de activitate 2021-2022"},"content":{"rendered":"\n<p class=\"has-text-align-center\"><strong>Raport de activitate al Biroului pentru Voluntariat<\/strong> <strong>\u00een anul universitar 2021-2022<\/strong><\/p>\n\n\n\n<p class=\"has-text-align-right\">Nr. 25\/19.09.2022<\/p>\n\n\n\n<p class=\"has-text-align-right\">(Biroul pentru Voluntariat)<\/p>\n\n\n\n<p>\u00cen anul universitar 2021-2022, \u00een cadrul programului \u201eVoluntar la UBB\u201d al Biroului pentru Voluntariat, au fost \u00eencheiate 506 de contracte de voluntariat, \u00eenregistr\u00e2ndu-se o mic\u0103 cre\u0219tere fa\u021b\u0103 de anul universitar precedent. Aceast\u0103 majorare vine pe fondul unei stabiliz\u0103ri a situa\u021biei pandemice la nivel local \u0219i \u00een \u021bar\u0103, unit\u0103\u021bile preuniversitare \u0219i universitare revenind la regimul <em>on-site <\/em>al procesului de predare-\u00eenv\u0103\u021bare din luna martie a anului 2022.<\/p>\n\n\n\n<p>\u00cen ceea ce privesc adeverin\u021bele de voluntariat, o component\u0103 important\u0103 care justific\u0103 implicarea voluntarilor \u0219i care confer\u0103 experien\u021b\u0103 de munc\u0103 \u00een domeniul de activitate, \u00een anul universitar 2021-2022 au fost eliberate un num\u0103r de 444 adeverin\u021be. Majoritatea voluntarilor UBB, conform rapoartelor \u00eenaintate de c\u0103tre coodonatorii de voluntari, au ob\u021binut pentru activitatea realizat\u0103 de-a lungul perioadei contractuale calificativul \u201efoarte bine\u201d sau \u201eexcelent\u201d.<\/p>\n\n\n\n<p>39 de cadre didactice sau cercet\u0103tori \u2013 coordonatori de voluntari \u2013 au desf\u0103\u0219urat programe de voluntariat cu durata de cel pu\u021bin o lun\u0103 \u00een 27 de structuri UBB\/facult\u0103\u021bi, dintre care amintim: Institutul de Istorie Ecleziastic\u0103 \u201eNicolae Boc\u0219an\u201d, Centrul de Carier\u0103, Orientare Profesional\u0103 \u0219i Alumni, Institutul Interna\u021bional pentru Studii Avandate \u00een Psihoterapie \u0219i S\u0103n\u0103tate Mintal\u0103, Biroul pentru Studen\u021bi cu Dizabilit\u0103\u021bi, Muzeul de Zoologie UBB, Consiliul Studen\u021bilor din Universitatea Babe\u0219-Bolyai, Centrul Cultural Japonez, Gr\u0103dina Botanic\u0103 \u201eAlexandru Borza\u201d, Facultatea de Psihologie \u0219i \u0218tiin\u021be ale Educa\u021biei \u2013 Departamentul de preg\u0103tire didactic\u0103 aplicat\u0103, Facultatea de Istorie \u0219i Filosofie, Facultatea de Biologie \u0219i Geologie, Centrul de Consiliere Student Expert, Muzeul de Istorie al Universit\u0103\u021bii Babe\u0219-Bolyai, Facultatea de Business, Clinica PsyTech, Centrul de Cooper\u0103ri Interna\u021bionale, Direc\u021bia Patrimoniu Cultural Universitar &#8211; Serviciul Arhiva Universit\u0103\u021bii,&nbsp; Muzeul Virtual \u0219i Documentar al Holocaustului din Nordul Transilvaniei, Protec\u021bia datelor cu caracter personal la UBB Cluj, Facultatea de Sociologie \u0219i Asisten\u021b\u0103 Social\u0103, Muzeul \u201eAlexandru Duma\u201d UBB \u0219i al\u021bii. Contribu\u021bia voluntarilor \u00een cadrul acestor structuri \u00eensumeaz\u0103 peste 100.000 de ore de voluntariat.<\/p>\n\n\n\n<p>Programele \u0219i oportunit\u0103\u021bile de dezvoltare informal\u0103 din cadrul UBB au ajuns la studen\u021bi prin intermediul site-ului (<a href=\"http:\/\/www.voluntariat.centre.ubbcluj.ro\">www.voluntariat.centre.ubbcluj.ro<\/a>) care a fost \u00een permanen\u021b\u0103 actualizat \u0219i a oferit sprijin coordonatorilor \u0219i voluntarilor care au avut solicit\u0103ri. Pentru o mai bun\u0103 transparen\u021b\u0103 \u0219i pentru a se adresa unui public mai larg, site-ul este \u00een proces de actualizare pentru a deveni bilingv. Primii pa\u0219i au fost realiza\u021bi \u00een anul 2022, c\u00e2nd \u201eRegulamentul programului de voluntariat <em>Voluntar la UBB<\/em>\u201d \u0219i \u201eRaportul justificativ pe anul 2021\u201d au fost puse la dispozi\u021bie pe site \u0219i \u00een limba englez\u0103, urm\u00e2nd ca toate facilit\u0103\u021bile pe care le ofer\u0103 site-ul s\u0103 fie accesibile \u00een englez\u0103 din anul universitar 2022-2023. &nbsp;<\/p>\n\n\n\n<p>Un alt mod prin care am reu\u0219it \u00een acest an s\u0103 ajungem mai mult la tineri \u0219i studen\u021bi \u00eel reprezint\u0103 re\u021belele de socializare. Pe pagina de Facebook deja existent\u0103 (<a href=\"https:\/\/www.facebook.com\/VoluntarUBB\">https:\/\/www.facebook.com\/VoluntarUBB<\/a>) s-au realizat 64 de materiale de promovare a programului de voluntariat: post\u0103ri informative, infografice, apeluri la oportunit\u0103\u021bi venite din comunitatea UBB, testimoniale. \u00cen plus, la \u00eenceputul anului 2022 am lansat oficial \u0219i pagina de Instagram (<a href=\"https:\/\/www.instagram.com\/voluntariat_ubb\/\">https:\/\/www.instagram.com\/voluntariat_ubb\/<\/a>) cu scopul de a promova o cet\u0103\u021benie activ\u0103 \u00een cadrul UBB. P\u00e2n\u0103 \u00een prezent, contul de Instagram este urm\u0103rit de 295 persoane \u0219i s-au realizat 35 de post\u0103ri.<\/p>\n\n\n\n<p>Prin intermediul re\u021belelor de socializare \u0219i a site-ului ne-am propus continuarea campaniei de con\u0219tientizare a programului \u201eVoluntar la UBB\u201d \u0219i \u00een anul universitar urm\u0103tor, prin postarea celor 3 materiale video de promovare a programului de voluntariat, at\u00e2t pentru promovarea pe paginile interne ale Biroului, c\u00e2t \u0219i pentru paginile oficiale UBB. Clipurile realizate \u00een anul 2022 sumarizeaz\u0103 avantajele \u00een a face voluntariat sau \u00een a coordona voluntari, pa\u0219ii necesari pentru \u00eencheierea unui contract \u0219i alte informa\u021bii esen\u021biale, livrate printr-un vizual u\u0219or de urm\u0103rit \u0219i pl\u0103cut. &nbsp;<\/p>\n\n\n\n<p>Pentru voluntarii care \u0219i-au manifestat interesul de a se implica activ \u00een activit\u0103\u021bile extracurriculare din UBB, \u00eens\u0103 la momentul respectiv nu au avut loc evenimente sau programe de voluntariat \u00een conformitate cu interesele lor, ori nu au g\u0103sit un coordonator disponibil, s-a recurs la realizarea unei baze de date. \u00cen cadrul acesteia, studen\u021bii\/ tinerii doritori de a fi \u00eenrola\u021bi \u00een programul de voluntariat au transmis Biroului pentru Voluntariat informa\u021bii esen\u021biale despre ei, despre interesele \u0219i hobby-urile lor, dar \u0219i despre domeniul \u00een care vor s\u0103 se dezvolte \u00een programe de voluntariat, urm\u00e2nd s\u0103 fie contacta\u021bi la prima oportunitate ap\u0103rut\u0103 care \u00eendepline\u0219te criteriile men\u021bionate anterior.<\/p>\n\n\n\n<p>Tot \u00een acest an s-a avut \u00een vedere actualizarea procedurii \u201eVoluntar la UBB\u201d, ajung\u00e2ndu-se la concluzia c\u0103 aceasta corespunde cu situa\u021bia academic\u0103 actual\u0103 \u0219i r\u0103spunde nevoilor coordonatorilor, c\u00e2t \u0219i voluntarilor. Procesul de verificare a procedurii a dus la elaborarea unei strategii pentru facult\u0103\u021bi \u0219i colaboratori, astfel \u00eenc\u00e2t voluntariat la UBB s\u0103 devin\u0103 o alternativ\u0103 mai atractiv\u0103 \u0219i mai \u00eencurajatoare pentru petrecerea timpului liber \u00een timpul studen\u021biei. \u00cen cadrul acestei strategii am \u00eenceput s\u0103 \u00eentreprindem ac\u021biuni de informare a colaboratorilor \u2013 parteneri, urm\u00e2nd ca la debutul anului universitar 2022-2023 s\u0103 intensific\u0103m procesul de promovare al programul de voluntariat la nivel de UBB \u0219i \u00een cadrul Consiliilor facult\u0103\u021bilor spre a fi implementat\u0103 la nivelul departamentelor facult\u0103\u021bilor, a centrelor de cercetare \u0219i a centrelor culturale, cu ajutorulul \u0219i sprijinul reprezenta\u021bilor studen\u021bilor din fiecare facultate.<\/p>\n\n\n\n<p>Finalit\u0103\u021bile acestor demersuri sunt parteneriatele \u00eencheiate cu institu\u021bii\/organiza\u021bii pentru desf\u0103\u0219urarea de ac\u021biuni de voluntariat \u00een parteneriat cu UBB, obiectiv propus pentru anul universitar 2022-2023.&nbsp; De asemenea, colaborarea eficient\u0103 \u00eentre Biroul pentru Voluntariat \u0219i departamentele facult\u0103\u021bilor, a centrelor de cercetare \u0219i a centrelor culturale, c\u00e2t \u0219i cu partenerii externi pe baza parteneriatelor va facilita realizarea unui baze de date care s\u0103 centralizeze toate stucturile care organizeaza ac\u021biuni\/ evenimente\/ manifest\u0103ri care implic\u0103 voluntari.<\/p>\n\n\n\n<p>Un alt obiectiv important realizat \u00eel contituie digitalizarea documentelor Biroului pentru Voluntariat. P\u00e2n\u0103 la momentul realiz\u0103rii acestui raport s-au digitalizat peste 2100 contracte de voluntariat cu adeverin\u021be de voluntariat, fi\u0219e de voluntariat \u0219i fi\u0219e de instruire colectiv\u0103. Drept urmare, a crescut promptitudinea \u00een transmiterea diferitelor documente c\u0103tre solicitan\u021bi \u0219i dac\u0103 situa\u021bia epidemiologic\u0103 o va impune, munca de acas\u0103 va fi mai facil\u0103.<\/p>\n\n\n\n<p>Nu \u00een ultimul r\u00e2nd, pe tot parcursul anului universitar au avut loc ac\u021biuni de formare a voluntarilor \u0219i de suport pentru coordonatori, fizic \u0219i online. Biroul pentru Voluntariat a r\u0103spus pozitiv diverselor ini\u021biative venite din partea coordonatorilor \u0219i a \u00eencercat s\u0103 ofere sprijin de ambele p\u0103r\u021bi pentru reu\u0219ita unui eveniment sau \u00een selec\u021bia voluntarilor.<\/p>\n","protected":false},"excerpt":{"rendered":"<p>Raport de activitate al Biroului pentru Voluntariat \u00een anul universitar 2021-2022 Nr. 25\/19.09.2022 (Biroul pentru Voluntariat) \u00cen anul universitar 2021-2022, \u00een cadrul programului \u201eVoluntar la UBB\u201d al Biroului pentru Voluntariat,&#8230; <\/p>\n","protected":false},"author":6,"featured_media":0,"parent":22,"menu_order":0,"comment_status":"closed","ping_status":"closed","template":"","meta":[],"_links":{"self":[{"href":"https:\/\/voluntariat.centre.ubbcluj.ro\/index.php\/wp-json\/wp\/v2\/pages\/300"}],"collection":[{"href":"https:\/\/voluntariat.centre.ubbcluj.ro\/index.php\/wp-json\/wp\/v2\/pages"}],"about":[{"href":"https:\/\/voluntariat.centre.ubbcluj.ro\/index.php\/wp-json\/wp\/v2\/types\/page"}],"author":[{"embeddable":true,"href":"https:\/\/voluntariat.centre.ubbcluj.ro\/index.php\/wp-json\/wp\/v2\/users\/6"}],"replies":[{"embeddable":true,"href":"https:\/\/voluntariat.centre.ubbcluj.ro\/index.php\/wp-json\/wp\/v2\/comments?post=300"}],"version-history":[{"count":1,"href":"https:\/\/voluntariat.centre.ubbcluj.ro\/index.php\/wp-json\/wp\/v2\/pages\/300\/revisions"}],"predecessor-version":[{"id":302,"href":"https:\/\/voluntariat.centre.ubbcluj.ro\/index.php\/wp-json\/wp\/v2\/pages\/300\/revisions\/302"}],"up":[{"embeddable":true,"href":"https:\/\/voluntariat.centre.ubbcluj.ro\/index.php\/wp-json\/wp\/v2\/pages\/22"}],"wp:attachment":[{"href":"https:\/\/voluntariat.centre.ubbcluj.ro\/index.php\/wp-json\/wp\/v2\/media?parent=300"}],"curies":[{"name":"wp","href":"https:\/\/api.w.org\/{rel}","templated":true}]}}