{"id":337,"date":"2023-02-07T08:05:05","date_gmt":"2023-02-07T08:05:05","guid":{"rendered":"http:\/\/voluntariat.centre.ubbcluj.ro\/?page_id=337"},"modified":"2023-02-07T08:17:16","modified_gmt":"2023-02-07T08:17:16","slug":"raport-voluntariat-2022","status":"publish","type":"page","link":"https:\/\/voluntariat.centre.ubbcluj.ro\/index.php\/acasa\/raport-voluntariat-2022\/","title":{"rendered":"Raport voluntariat 2022"},"content":{"rendered":"\n<p>\u00cen anul 2022, \u00een cadrul programului \u201eVoluntar la UBB\u201d al Biroului pentru Voluntariat, au fost \u00eencheiate un num\u0103r de 601 contracte de voluntariat, cu 52% mai multe fa\u021b\u0103 de anul precedent. Aceast\u0103 cre\u0219tere semnificativ\u0103 este datorat\u0103 campaniei de promovare \u0219i con\u0219tientizare \u00eenceput\u0103 la finele anului 2021, campanie des\u0103\u0219urat\u0103 \u00een online \u0219i pe re\u021belele de socializare. Totodat\u0103, dator\u0103m interesul crescut al studen\u021bilor\/Alumnilor pentru activit\u0103\u021bile de voluntariat din cadrul Universit\u0103\u021bii ca urmare a perioadei postpandemice, prin reluarea cursurilor <em>on-site <\/em>\u00eencep\u00e2nd cu luna martie 2022, c\u00e2t \u0219i prin reluarea activit\u0103\u021bilor socio-culturale \u0219i \u0219tiin\u021bifice desf\u0103\u0219urate de institu\u021biile UBB.<\/p>\n\n\n\n<p>\u00cen plus, anul 2022 este marcat \u0219i de primii pa\u0219i f\u0103cu\u021bi de c\u0103tre elevi ai liceelor din Cluj-Napoca care au \u00eemplinit cel pu\u021bin 16 ani \u0219i care au avut primul contact cu Universitatea prin participarea la activit\u0103\u021bi de voluntariat desf\u0103\u0219urate de Gr\u0103dina Botanic\u0103 \u201eAlexandru Borza\u201d.<\/p>\n\n\n\n<p>\u00cen privin\u021ba adeverin\u021belor de voluntariat, documente cu statut juridic care atest\u0103 experien\u021ba profesional\u0103 \u00een domeniul \u00een care s-a realizat activitatea voluntarului, \u00een 2022 au fost eliberate 533 de adeverin\u021be. Majoritatea voluntarilor UBB, conform rapoartelor de activitate \u00eenaintate de c\u0103tre coodonatorii de voluntari, au ob\u021binut pentru activitatea realizat\u0103 de-a lungul perioadei contractuale calificativul \u201efoarte bine\u201d sau \u201eexcelent\u201d.<\/p>\n\n\n\n<p>Printre facult\u0103\u021bile\/structurile UBB care au g\u0103zduit voluntari amintim: Institutul de Istorie Ecleziastic\u0103 \u201eNicolae Boc\u0219an\u201d, Centrul de Carier\u0103, Orientare Profesional\u0103 \u0219i Alumni, Clinica Universitar\u0103 de Psihologie \u201eBabe\u0219-Bolyai Psytech\u201d, Biroul pentru Studen\u021bi cu Dizabilit\u0103\u021bi, Muzeul de Zoologie UBB, Consiliul Studen\u021bilor din Universitatea Babe\u0219-Bolyai, Gr\u0103dina Botanic\u0103 \u201eAlexandru Borza\u201d, Facultatea de Biologie \u0219i Geologie \u2013 Departamentul de Biologie \u0219i Ecologie al Liniei Maghiare \u0219i Departamentul de Taxonomie \u0219i Ecologie, Muzeul de Paleontologie-Stratigrafie UBB, Direc\u021bia Datrimoniu Cultural Universitar UBB \u2013 Sala \u201eLiviu Vlad\u201d, Serviciul Arhiva UBB, Serviciul Resurse Umane UBB \u2013 Direc\u021bia Comunicare, Rela\u021bii Publice \u0219i Publicitate UBB, Centrul de Cooper\u0103ri Interna\u021bionale, Muzeul de Istorie al Universit\u0103\u021bii Babe\u0219-Bolyai, Facultatea de \u0218tiin\u021be Economice \u0219i Gestiunea Afacerilor, Facultatea de Business, Centrul de Consiliere Student Expert, Centrul de Limb\u0103 \u0219i Cultur\u0103 Polonez\u0103.<\/p>\n\n\n\n<p>Un alt obiectiv realizat \u00een anul 2022 \u00eel contituie digitalizarea documentelor Biroului pentru Voluntariat. Astfel, toate contractele, adeverin\u021bele \u0219i actele adi\u021bionale ale studen\u021bilor care au luat parte la activit\u0103\u021bi extracurriculare \u00een UBB din 2015 p\u00e2n\u0103 \u00een prezent au fost digitalizate, fapt ce a dus la o promptitudine crescut\u0103 \u00een transmiterea acestora c\u0103tre solicitan\u021bi \u0219i la o mai bun\u0103 organizare intern\u0103.<\/p>\n\n\n\n<p>A\u0219adar, conform feedback-ului venit de la studen\u021bi, implicarea activ\u0103 \u00een programul \u201eVoluntar la UBB\u201d al Biroului pentru Voluntariat a avut un rol decisiv pentru cei care au aplicat pentru internshipuri, pentru diferite burse, cum ar fi \u201eBursele Ursus\u201d sau pentru bursele de studiu \u00een str\u0103in\u0103tate, dar \u0219i pentru angajare. Acest lucru ne-a confirmat \u00eenc\u0103 o dat\u0103 importan\u021ba pe care o are programul \u00een vederea dezvolt\u0103rii \u0219i achizi\u021bion\u0103rii de noi competen\u021be \u0219i abilit\u0103\u021bi studen\u021bilor prin activit\u0103\u021bi nonformale.<\/p>\n\n\n\n<p>Astfel, prin participarea la cursurile facult\u0103\u021bii alese de fiecare student \u0219i prin implicarea \u00een timpul liber \u00een activit\u0103\u021bi de voluntariat, se realizeaz\u0103 o sinergie perfect\u0103 pentru dob\u00e2ndirea de competen\u021be trasversale \u0219i valori socio-culturale necesare unui cet\u0103\u021bean european \u00een secolul XXI.<\/p>\n","protected":false},"excerpt":{"rendered":"<p>\u00cen anul 2022, \u00een cadrul programului \u201eVoluntar la UBB\u201d al Biroului pentru Voluntariat, au fost \u00eencheiate un num\u0103r de 601 contracte de voluntariat, cu 52% mai multe fa\u021b\u0103 de anul&#8230; <\/p>\n","protected":false},"author":6,"featured_media":0,"parent":22,"menu_order":1,"comment_status":"closed","ping_status":"closed","template":"","meta":[],"_links":{"self":[{"href":"https:\/\/voluntariat.centre.ubbcluj.ro\/index.php\/wp-json\/wp\/v2\/pages\/337"}],"collection":[{"href":"https:\/\/voluntariat.centre.ubbcluj.ro\/index.php\/wp-json\/wp\/v2\/pages"}],"about":[{"href":"https:\/\/voluntariat.centre.ubbcluj.ro\/index.php\/wp-json\/wp\/v2\/types\/page"}],"author":[{"embeddable":true,"href":"https:\/\/voluntariat.centre.ubbcluj.ro\/index.php\/wp-json\/wp\/v2\/users\/6"}],"replies":[{"embeddable":true,"href":"https:\/\/voluntariat.centre.ubbcluj.ro\/index.php\/wp-json\/wp\/v2\/comments?post=337"}],"version-history":[{"count":2,"href":"https:\/\/voluntariat.centre.ubbcluj.ro\/index.php\/wp-json\/wp\/v2\/pages\/337\/revisions"}],"predecessor-version":[{"id":342,"href":"https:\/\/voluntariat.centre.ubbcluj.ro\/index.php\/wp-json\/wp\/v2\/pages\/337\/revisions\/342"}],"up":[{"embeddable":true,"href":"https:\/\/voluntariat.centre.ubbcluj.ro\/index.php\/wp-json\/wp\/v2\/pages\/22"}],"wp:attachment":[{"href":"https:\/\/voluntariat.centre.ubbcluj.ro\/index.php\/wp-json\/wp\/v2\/media?parent=337"}],"curies":[{"name":"wp","href":"https:\/\/api.w.org\/{rel}","templated":true}]}}