{"id":378,"date":"2024-01-19T09:19:56","date_gmt":"2024-01-19T09:19:56","guid":{"rendered":"http:\/\/voluntariat.centre.ubbcluj.ro\/?page_id=378"},"modified":"2024-01-19T09:19:56","modified_gmt":"2024-01-19T09:19:56","slug":"raport-de-activitate-pe-anul-2023","status":"publish","type":"page","link":"https:\/\/voluntariat.centre.ubbcluj.ro\/index.php\/acasa\/raport-de-activitate-pe-anul-2023\/","title":{"rendered":"Raport de activitate pe anul 2023"},"content":{"rendered":"\n<p>\u00cen anul 2023, \u00een cadrul programului \u201eVoluntar la UBB\u201d al Biroului pentru Voluntariat, au fost \u00eencheiate 588 de contracte de voluntariat.<\/p>\n\n\n\n<p>\u00cen ceea ce privesc adeverin\u021bele de voluntariat, o component\u0103 important\u0103 care justific\u0103 implicarea voluntarilor \u0219i care confer\u0103 experien\u021b\u0103 de munc\u0103 \u00een domeniul de activitate, \u00een anul 2023 au fost eliberate un num\u0103r de 500 adeverin\u021be. Majoritatea voluntarilor UBB, conform rapoartelor \u00eenaintate de c\u0103tre coodonatorii de voluntari, au ob\u021binut pentru activitatea realizat\u0103 de-a lungul perioadei contractuale calificativul \u201efoarte bine\u201d sau \u201eexcelent\u201d.<\/p>\n\n\n\n<p>La debutul anului a avut lor inaugurarea noului sediu din Complexul Studen\u021besc Ha\u0219deu. Biroul pentru Voluntariat se afl\u0103 acum mai aproape de studen\u021bii UBB \u0219i astfel se va facilita comunicarea cu ace\u0219tia \u0219i vor fi poate mai dornici de a participa la activit\u0103\u021bile desf\u0103\u0219urate, datorit\u0103 proximit\u0103\u021bii.<\/p>\n\n\n\n<p>Ca \u00een fiecare an, Biroul pentru Voluntariat \u00een parteneriat cu Direc\u021bia Comunicare UBB a participat la cele dou\u0103 edi\u021bii ale t\u00e2rgului de cariere des\u0103\u0219urat la BT Arena, \u00een perioada15-16 martie \u0219i 9-10 octombrie. Voluntarii de la stadul UBB au interac\u021bionat cu publicul prezent, oferind informa\u021bii legate de oferta educa\u021bional\u0103 \u0219i distribuind obiecte promo\u021bionale.<\/p>\n\n\n\n<p>Tot \u00een acest an, UBB a fost gazda Consor\u021biului Universitaria, prilej cu care a g\u0103zduit \u00een perioada 16-18 martie o serie de \u00eent\u00e2lniri ale reprezentan\u021bilor celor mai mari universit\u0103\u021bi din \u021bar\u0103. Voluntarii no\u0219tri au fost implica\u021bi \u00een acest eveniment ajut\u00e2nd la organizarea de la fa\u021ba locului.<\/p>\n\n\n\n<p>Deja o tradi\u021bie cele dou\u0103 campanii anuale de donare de s\u00e2nge, 66 de studen\u021bi UBB s-au implicat \u0219i \u00een 2023 la edi\u021bia a XI-a \u0219i a XII-a. Ace\u0219ti au asistat personalul medical la trierea donatorilor, au oferit informa\u021bii legate de criteriile de donare \u0219i produse alimentare din partea partenerilor campaniei.<\/p>\n\n\n\n<p>Alte evenimente \u00een care au fost implica\u021bi voluntari au fost: Zilele Clujului \u00een parteneriat cu CCI UBB, Noaptea Muzeelor \u00een cadrul muzeelor UBB, Arhiva Recuno\u0219tin\u021bei \u2013 proiect des\u0103\u0219urat de Muzeul de Istorie al UBB, Cluj-Napoca Air Show, Atelierul de g\u00e2ndire critic\u0103 pentru liceeni \u0219i studen\u021bi \u2013 organizat de Muzeul Alexandru Duma UBB, PenaltyFEST, activit\u0103\u021bi ale Presei Universitare Clujene, concertul caritabil de colinde \u0219i altele.<\/p>\n\n\n\n<p>Toate activit\u0103\u021bile intermediate de Biroul pentru Voluntariat \u00een 2023 au implicat 39 de cadre didactice sau cercet\u0103tori \u2013 coordonatori de voluntari \u2013 ce au desf\u0103\u0219urat programe de voluntariat cu durata de cel pu\u021bin o lun\u0103 \u00een 29 de structuri UBB\/facult\u0103\u021bi, dintre care amintim: Institutul de Istorie Ecleziastic\u0103 \u201eNicolae Boc\u0219an\u201d, Centrul de Carier\u0103, Orientare Profesional\u0103 \u0219i Alumni, Institutul Interna\u021bional pentru Studii Avandate \u00een Psihoterapie \u0219i S\u0103n\u0103tate Mintal\u0103, Biroul pentru Studen\u021bi cu Dizabilit\u0103\u021bi, Muzeul de Zoologie UBB, Centrul Cultural Japonez, Gr\u0103dina Botanic\u0103 \u201eAlexandru Borza\u201d, Facultatea de Psihologie \u0219i \u0218tiin\u021be ale Educa\u021biei, Facultatea de Istorie \u0219i Filosofie, Facultatea de Biologie \u0219i Geologie, Centrul de Consiliere Student Expert, Muzeul de Istorie al Universit\u0103\u021bii Babe\u0219-Bolyai, Facultatea de Business, Clinica PsyTech, Centrul de Cooper\u0103ri Interna\u021bionale, Direc\u021bia Patrimoniu Cultural Universitar &#8211; Serviciul Arhiva Universit\u0103\u021bii,&nbsp; Muzeul Virtual \u0219i Documentar al Holocaustului din Nordul Transilvaniei, Protec\u021bia datelor cu caracter personal la UBB Cluj, Facultatea de Sociologie \u0219i Asisten\u021b\u0103 Social\u0103, Muzeul \u201eAlexandru Duma\u201d UBB \u0219i al\u021bii. Contribu\u021bia voluntarilor \u00een cadrul acestor structuri \u00eensumeaz\u0103 peste 50.000 de ore de voluntariat.<\/p>\n\n\n\n<p>Programele \u0219i oportunit\u0103\u021bile de dezvoltare informal\u0103 din cadrul UBB au ajuns la studen\u021bi prin intermediul site-ului (<a href=\"http:\/\/www.voluntariat.centre.ubbcluj.ro\">www.voluntariat.centre.ubbcluj.ro<\/a>) care a fost \u00een permanen\u021b\u0103 actualizat \u0219i a oferit sprijin coordonatorilor \u0219i voluntarilor care au avut solicit\u0103ri. Un alt mod prin care am reu\u0219it \u00een acest an s\u0103 ajungem mai mult la tineri \u0219i studen\u021bi \u00eel reprezint\u0103 re\u021belele de socializare. Pe pagina de Facebook (<a href=\"https:\/\/www.facebook.com\/VoluntarUBB\">https:\/\/www.facebook.com\/VoluntarUBB<\/a>) \u0219i pe cea de Instagram (<a href=\"https:\/\/www.instagram.com\/voluntariat_ubb\/\">https:\/\/www.instagram.com\/voluntariat_ubb\/<\/a>) s-au realizat 58 de materiale de promovare a programului de voluntariat: post\u0103ri informative, infografice, apeluri la oportunit\u0103\u021bi venite din comunitatea UBB, testimoniale. \u00cen plus, 2023 a fost marcat de o cre\u0219tere semnificatic\u0103 a urmptorilor \u0219i a interac\u021biunilor pe pagina de Instagram. P\u00e2n\u0103 \u00een prezent, contul de Instagram este urm\u0103rit de 932 persoane.<\/p>\n\n\n\n<p>Pentru voluntarii care \u0219i-au manifestat interesul de a se implica activ \u00een activit\u0103\u021bile extracurriculare din UBB, \u00eens\u0103 la momentul respectiv nu au avut loc evenimente sau programe de voluntariat \u00een conformitate cu interesele lor, ori nu au g\u0103sit un coordonator disponibil, s-a recurs la realizarea unei baze de date. \u00cen cadrul acesteia, studen\u021bii\/ tinerii doritori de a fi \u00eenrola\u021bi \u00een programul de voluntariat au transmis Biroului pentru Voluntariat informa\u021bii esen\u021biale despre ei, despre interesele \u0219i hobby-urile lor, dar \u0219i despre domeniul \u00een care vor s\u0103 se dezvolte \u00een programe de voluntariat, urm\u00e2nd s\u0103 fie contacta\u021bi la prima oportunitate ap\u0103rut\u0103 care \u00eendepline\u0219te criteriile men\u021bionate anterior.<\/p>\n\n\n\n<p>Procesul de digitalizarea documentelor Biroului pentru Voluntariat a continuat \u0219i \u00een anul 2023. Cele peste 3000 contracte de voluntariat cu adeverin\u021be de voluntariat cu anexe sunt stocate \u00een format electronic la zi. Drept urmare, a crescut promptitudinea \u00een transmiterea diferitelor documente c\u0103tre solicitan\u021bi.<\/p>\n\n\n\n<p>Nu \u00een ultimul r\u00e2nd, pe tot parcursul anului au avut loc ac\u021biuni de formare a voluntarilor \u0219i de suport pentru coordonatori, fizic \u0219i online. Astfel, un reprezentant al biroului a luat parte la \u00eent\u00e2lnirea cu reprezenta\u021bii consiliilor facult\u0103\u021bilor \u0219i cu cei ai CCOPA din 13 iulie. \u00cent\u00e2lnirea a avut ca scop informarea reprezentan\u021bilor cu privire la specificul activit\u0103\u021bilor desf\u0103\u0219urate de Biroul pentru Voluntariat \u0219i Centrul de Carier\u0103, Orientare Profesional\u0103 \u0219i Alumni. Un alt scop a fost identificarea celor mai eficiente c\u0103i de comunicare pentru transmiterea informa\u021biilor c\u0103tre studen\u021bi \u0219i modul \u00een care consiliile facult\u0103\u021bilor ne pot sprijini \u00een demersurile \u00eentreprinse. O alt\u0103 ac\u021biune de informare s-a desf\u0103\u0219urat la finele anului 2023 la FSPAC \u00een cadrul conferin\u021bei \u201eCommunicating Identities\u201d, la atelierul despre Voluntariat \u0219i Service Learning.<\/p>\n\n\n\n<p>Biroul pentru Voluntariat a r\u0103spus pozitiv diverselor ini\u021biative venite din partea coordonatorilor \u0219i a \u00eencercat s\u0103 ofere sprijin de ambele p\u0103r\u021bi pentru reu\u0219ita unui eveniment sau \u00een selec\u021bia voluntarilor.<\/p>\n","protected":false},"excerpt":{"rendered":"<p>\u00cen anul 2023, \u00een cadrul programului \u201eVoluntar la UBB\u201d al Biroului pentru Voluntariat, au fost \u00eencheiate 588 de contracte de voluntariat. \u00cen ceea ce privesc adeverin\u021bele de voluntariat, o component\u0103&#8230; <\/p>\n","protected":false},"author":6,"featured_media":0,"parent":22,"menu_order":1,"comment_status":"closed","ping_status":"closed","template":"","meta":[],"_links":{"self":[{"href":"https:\/\/voluntariat.centre.ubbcluj.ro\/index.php\/wp-json\/wp\/v2\/pages\/378"}],"collection":[{"href":"https:\/\/voluntariat.centre.ubbcluj.ro\/index.php\/wp-json\/wp\/v2\/pages"}],"about":[{"href":"https:\/\/voluntariat.centre.ubbcluj.ro\/index.php\/wp-json\/wp\/v2\/types\/page"}],"author":[{"embeddable":true,"href":"https:\/\/voluntariat.centre.ubbcluj.ro\/index.php\/wp-json\/wp\/v2\/users\/6"}],"replies":[{"embeddable":true,"href":"https:\/\/voluntariat.centre.ubbcluj.ro\/index.php\/wp-json\/wp\/v2\/comments?post=378"}],"version-history":[{"count":1,"href":"https:\/\/voluntariat.centre.ubbcluj.ro\/index.php\/wp-json\/wp\/v2\/pages\/378\/revisions"}],"predecessor-version":[{"id":379,"href":"https:\/\/voluntariat.centre.ubbcluj.ro\/index.php\/wp-json\/wp\/v2\/pages\/378\/revisions\/379"}],"up":[{"embeddable":true,"href":"https:\/\/voluntariat.centre.ubbcluj.ro\/index.php\/wp-json\/wp\/v2\/pages\/22"}],"wp:attachment":[{"href":"https:\/\/voluntariat.centre.ubbcluj.ro\/index.php\/wp-json\/wp\/v2\/media?parent=378"}],"curies":[{"name":"wp","href":"https:\/\/api.w.org\/{rel}","templated":true}]}}